{"id":98,"date":"2023-06-25T13:30:11","date_gmt":"2023-06-25T11:30:11","guid":{"rendered":"https:\/\/bosnische-schule.org\/?page_id=98"},"modified":"2023-10-01T14:00:42","modified_gmt":"2023-10-01T12:00:42","slug":"klub-mladih","status":"publish","type":"page","link":"https:\/\/bosnische-schule.org\/?page_id=98&lang=bs","title":{"rendered":"Klub mladih"},"content":{"rendered":"\r\n<p>Nakon \u010detiri godine postojanja i rada Bosanske dopunske \u0161kole u Minhenu do\u0161li smo u situaciju da jedan broj djece koji poha\u0111a nastavu na bosanskom jeziku prerasta program koji \u0161kola nudi s obzirom da organizacija konzularne nastave na maternjem jeziku (bosanski\/srpski\/hrvatski) obuhvata u\u010denike i u\u010denice u dobi od prvog do devetog razreda osnovne \u0161kole. Upravo to nas je potaklo da ove \u0161kolske godine pro\u0161irimo na\u0161 okvir rada i pokrenemo inicijativu formiranja \u201eKluba mladih\u201c. Klub mladih je koncipiran kao program za djecu uzrasta starijih od osmog razreda (pored mogu\u0107nosti redovnog poha\u0111anja nastave na bosanskom jeziku do devetog razreda).<br \/><br \/>Smatramo da su kontakti, saradnja i dru\u017eenje sa vr\u0161njacima \u010dije je porijeklo vezano za bosansko-hercegova\u010dki prostor i kulturu, va\u017ena karika u odrastanju na\u0161e djece i mladih, te da je\u00a0 na\u0161a obaveza i odgovornost da omogu\u0107imo i osiguramo uslove da se postoje\u0107i kontakti sa ostvarenim prijateljstvima u okviru na\u0161eg Udru\u017eenja odr\u017ee, nadogra\u0111uju i nastave u budu\u0107em periodu.<br \/><br \/>Dru\u017eenje u okviru Kluba mladih je planirano na dvomjese\u010dnom nivou u organizaciji \u010dlanova Vije\u0107a Udru\u017eenja a u saradnji sa mladima i uz saglasnost roditelja. Planirane aktivnosti su: zajedni\u010dke posjete kulturnim i sportskim doga\u0111ajima, zajedni\u010dki izleti, zajedni\u010dki odlazak u kino, pozori\u0161te, na koncerte i sl. Tako\u0111er planirano je organiziranje predavanja i seminara u okviru tema i sadr\u017eaja prilago\u0111enih uzrastu \u010dlanova Kluba mladih. Dugoro\u010dno je zami\u0161ljeno da mladi uz na\u0161u podr\u0161ku preuzmu dijelom samostalno organiziranje i planiranje doga\u0111aja i dru\u017eenja u skladu sa njihovim potrebama i interesovanjima. Krajnji cilj je da svi doga\u0111aji budu tematski vezani za na\u0161u mati\u010dnu domovinu Bosnu i Hercegovinu.<br \/><br \/>Klub mladih je dio zvani\u010dnog programa i rada Udru\u017eenja, mladi koji su zainteresirani za aktivnosti u okviru Kluba mladih, a ne poha\u0111aju nastavu na maternjem jeziku u okviru Bosanske \u0161kole Minhen treba da ispune pristupnicu u prilogu. Upis se vr\u0161i svake godine, a godi\u0161nja \u010dlanarina iznosi 50 eura i taj iznos pokriva i obuhvata tro\u0161kove za navedene aktivnosti. Djeca i mladi koji poha\u0111aju dopunsku nastavu na maternjem jeziku nisu obavezna dodatno popunjavati pristupnicu i oslobo\u0111eni su tro\u0161kova godi\u0161nje \u010dlanarine.<br \/><br \/>Dragi roditelji, dragi u\u010denici i drage u\u010denice ukoliko ste zainteresirani da budete dio na\u0161eg Kluba mladih, molimo vas da nas kontaktirate na<br \/><a href=\"https:\/\/web.archivemailto:info@bosnische-schule.org\/?BCC=bosnische.schule@gmail.com&amp;SUBJECT=Upisnica%20Klub%20mladih&amp;body=Cijenjeni,%0D%0A%0D%0Amolim%20Vas%20dodajte%20popunjeni%20formular%20Klub%20mladih-Upisnica.%0D%0A%0D%0A%0D%0A%0D%0AUnaprijed%20hvala%0D%0A%0D%0AVa%C5%A1a%20Bosanska%20%C5%A1kola%20Minhen\">e-Mail<\/a><br \/><br \/><a href=\"https:\/\/bosnische-schule.org\/wp-content\/uploads\/2023\/10\/Jugendclub_Einschreibung-2023.pdf\">Klub mladih \u2013 Upisnica<\/a><br \/><a href=\"https:\/\/bosnische-schule.org\/wp-content\/uploads\/2023\/06\/Jugendclub_Datenschutzerklaerung.pdf\">Klub mladih -Izjava o za\u0161titi podataka<\/a><\/p>\r\n","protected":false},"excerpt":{"rendered":"<p>Nakon \u010detiri godine postojanja i rada Bosanske dopunske \u0161kole u Minhenu do\u0161li smo u situaciju da jedan broj djece koji poha\u0111a nastavu na bosanskom jeziku prerasta program koji \u0161kola nudi s obzirom da organizacija konzularne nastave na maternjem jeziku (bosanski\/srpski\/hrvatski) obuhvata u\u010denike i u\u010denice u dobi od prvog do devetog razreda osnovne \u0161kole. Upravo to<\/p>\n<div class=\"read-more\"><a href=\"https:\/\/bosnische-schule.org\/?page_id=98&#038;lang=bs\" title=\"Read More\">Read More<\/a><\/div>\n","protected":false},"author":1,"featured_media":0,"parent":0,"menu_order":0,"comment_status":"closed","ping_status":"closed","template":"","meta":{"footnotes":""},"class_list":["post-98","page","type-page","status-publish"],"_links":{"self":[{"href":"https:\/\/bosnische-schule.org\/index.php?rest_route=\/wp\/v2\/pages\/98","targetHints":{"allow":["GET"]}}],"collection":[{"href":"https:\/\/bosnische-schule.org\/index.php?rest_route=\/wp\/v2\/pages"}],"about":[{"href":"https:\/\/bosnische-schule.org\/index.php?rest_route=\/wp\/v2\/types\/page"}],"author":[{"embeddable":true,"href":"https:\/\/bosnische-schule.org\/index.php?rest_route=\/wp\/v2\/users\/1"}],"replies":[{"embeddable":true,"href":"https:\/\/bosnische-schule.org\/index.php?rest_route=%2Fwp%2Fv2%2Fcomments&post=98"}],"version-history":[{"count":4,"href":"https:\/\/bosnische-schule.org\/index.php?rest_route=\/wp\/v2\/pages\/98\/revisions"}],"predecessor-version":[{"id":476,"href":"https:\/\/bosnische-schule.org\/index.php?rest_route=\/wp\/v2\/pages\/98\/revisions\/476"}],"wp:attachment":[{"href":"https:\/\/bosnische-schule.org\/index.php?rest_route=%2Fwp%2Fv2%2Fmedia&parent=98"}],"curies":[{"name":"wp","href":"https:\/\/api.w.org\/{rel}","templated":true}]}}