{"id":90,"date":"2023-06-25T13:05:28","date_gmt":"2023-06-25T11:05:28","guid":{"rendered":"https:\/\/bosnische-schule.org\/?page_id=90"},"modified":"2023-06-25T13:05:29","modified_gmt":"2023-06-25T11:05:29","slug":"gendernote","status":"publish","type":"page","link":"https:\/\/bosnische-schule.org\/?page_id=90","title":{"rendered":"Gendernote"},"content":{"rendered":"\n<p>Wir legen gro\u00dfen Wert auf die Gleichbehandlung von Frauen und M\u00e4nnern. Damit unsere Texte einfacher lesbar sind, verwenden wir \u00fcberwiegend die m\u00e4nnliche Schreibweise von Begriffen. So schreiben wir beispielsweise \u201eSch\u00fcler\u201c, meinen damit aber \u201eSch\u00fclerinnen und Sch\u00fcler\u201c sowie alle, die sich nicht einem Geschlecht zuordnen m\u00f6chten. Wir weisen ausdr\u00fccklich darauf hin, dass jeder Begriff selbstverst\u00e4ndlich auch f\u00fcr das jeweils andere Geschlecht gedacht ist.<\/p>\n","protected":false},"excerpt":{"rendered":"<p>Wir legen gro\u00dfen Wert auf die Gleichbehandlung von Frauen und M\u00e4nnern. Damit unsere Texte einfacher lesbar sind, verwenden wir \u00fcberwiegend die m\u00e4nnliche Schreibweise von Begriffen. So schreiben wir beispielsweise \u201eSch\u00fcler\u201c, meinen damit aber \u201eSch\u00fclerinnen und Sch\u00fcler\u201c sowie alle, die sich nicht einem Geschlecht zuordnen m\u00f6chten. Wir weisen ausdr\u00fccklich darauf hin, dass jeder Begriff selbstverst\u00e4ndlich auch<\/p>\n<div class=\"read-more\"><a href=\"https:\/\/bosnische-schule.org\/?page_id=90\" title=\"Read More\">Read More<\/a><\/div>\n","protected":false},"author":1,"featured_media":0,"parent":0,"menu_order":0,"comment_status":"closed","ping_status":"closed","template":"","meta":{"footnotes":""},"class_list":["post-90","page","type-page","status-publish"],"_links":{"self":[{"href":"https:\/\/bosnische-schule.org\/index.php?rest_route=\/wp\/v2\/pages\/90","targetHints":{"allow":["GET"]}}],"collection":[{"href":"https:\/\/bosnische-schule.org\/index.php?rest_route=\/wp\/v2\/pages"}],"about":[{"href":"https:\/\/bosnische-schule.org\/index.php?rest_route=\/wp\/v2\/types\/page"}],"author":[{"embeddable":true,"href":"https:\/\/bosnische-schule.org\/index.php?rest_route=\/wp\/v2\/users\/1"}],"replies":[{"embeddable":true,"href":"https:\/\/bosnische-schule.org\/index.php?rest_route=%2Fwp%2Fv2%2Fcomments&post=90"}],"version-history":[{"count":1,"href":"https:\/\/bosnische-schule.org\/index.php?rest_route=\/wp\/v2\/pages\/90\/revisions"}],"predecessor-version":[{"id":91,"href":"https:\/\/bosnische-schule.org\/index.php?rest_route=\/wp\/v2\/pages\/90\/revisions\/91"}],"wp:attachment":[{"href":"https:\/\/bosnische-schule.org\/index.php?rest_route=%2Fwp%2Fv2%2Fmedia&parent=90"}],"curies":[{"name":"wp","href":"https:\/\/api.w.org\/{rel}","templated":true}]}}