{"id":86,"date":"2023-06-25T12:47:53","date_gmt":"2023-06-25T10:47:53","guid":{"rendered":"https:\/\/bosnische-schule.org\/?page_id=86"},"modified":"2023-07-04T20:31:28","modified_gmt":"2023-07-04T18:31:28","slug":"spenden","status":"publish","type":"page","link":"https:\/\/bosnische-schule.org\/?page_id=86","title":{"rendered":"Spenden"},"content":{"rendered":"\n<h2 class=\"wp-block-heading\"><\/h2>\n\n\n\n<p><strong>Unterst\u00fctzen Sie unsere Arbeit mit Ihrer Spende<\/strong><br><br>Als wichtigstes Gut unserer Arbeit ist die Freude und der Spa\u00df unserer Kinder und Jugendliche am Lernen und gemeinsamen Miteinander. Um dies optimal anbieten zu k\u00f6nnen brauchen wir Ihre Hilfe.Spenden k\u00f6nnen Sie einmalig oder regelm\u00e4\u00dfig per Bank\u00fcberweisung. Suchen Sie sich Ihre favorisierte Spendenart aus und unterst\u00fctzen Sie damit unsere Arbeit.<br><br>Als Nachweis f\u00fcr das Finanzamt (Spendenbescheinigung) gen\u00fcgt bei Spenden bis \u20ac 200,- der Kontoauszug. Bei Spenden ab \u20ac 200,- bekommen Sie automatisch eine Spendenbescheinigung am Anfang des Folgejahres von uns zugeschickt. Bitte geben Sie unbedingt Ihre Adresse im Verwendungszweck an.<br><br>IBAN:\u00a0 \u00a0DE16 701633700003261611<br>BANK: Volksbank Raiffeisenbank F\u00fcrstenfeldbruck eG<br>BIC:\u00a0 \u00a0 \u00a0GENODEF1FFB<br>BLZ:\u00a0 \u00a0 \u00a0701 633 70<\/p>\n\n\n\n<p><\/p>\n\n\n\n<p><\/p>\n","protected":false},"excerpt":{"rendered":"<p>Unterst\u00fctzen Sie unsere Arbeit mit Ihrer Spende Als wichtigstes Gut unserer Arbeit ist die Freude und der Spa\u00df unserer Kinder und Jugendliche am Lernen und gemeinsamen Miteinander. Um dies optimal anbieten zu k\u00f6nnen brauchen wir Ihre Hilfe.Spenden k\u00f6nnen Sie einmalig oder regelm\u00e4\u00dfig per Bank\u00fcberweisung. Suchen Sie sich Ihre favorisierte Spendenart aus und unterst\u00fctzen Sie damit<\/p>\n<div class=\"read-more\"><a href=\"https:\/\/bosnische-schule.org\/?page_id=86\" title=\"Read More\">Read More<\/a><\/div>\n","protected":false},"author":1,"featured_media":0,"parent":0,"menu_order":0,"comment_status":"closed","ping_status":"closed","template":"","meta":{"footnotes":""},"class_list":["post-86","page","type-page","status-publish"],"_links":{"self":[{"href":"https:\/\/bosnische-schule.org\/index.php?rest_route=\/wp\/v2\/pages\/86","targetHints":{"allow":["GET"]}}],"collection":[{"href":"https:\/\/bosnische-schule.org\/index.php?rest_route=\/wp\/v2\/pages"}],"about":[{"href":"https:\/\/bosnische-schule.org\/index.php?rest_route=\/wp\/v2\/types\/page"}],"author":[{"embeddable":true,"href":"https:\/\/bosnische-schule.org\/index.php?rest_route=\/wp\/v2\/users\/1"}],"replies":[{"embeddable":true,"href":"https:\/\/bosnische-schule.org\/index.php?rest_route=%2Fwp%2Fv2%2Fcomments&post=86"}],"version-history":[{"count":2,"href":"https:\/\/bosnische-schule.org\/index.php?rest_route=\/wp\/v2\/pages\/86\/revisions"}],"predecessor-version":[{"id":165,"href":"https:\/\/bosnische-schule.org\/index.php?rest_route=\/wp\/v2\/pages\/86\/revisions\/165"}],"wp:attachment":[{"href":"https:\/\/bosnische-schule.org\/index.php?rest_route=%2Fwp%2Fv2%2Fmedia&parent=86"}],"curies":[{"name":"wp","href":"https:\/\/api.w.org\/{rel}","templated":true}]}}