{"id":84,"date":"2023-06-25T12:45:54","date_gmt":"2023-06-25T10:45:54","guid":{"rendered":"https:\/\/bosnische-schule.org\/?page_id=84"},"modified":"2023-10-01T13:04:10","modified_gmt":"2023-10-01T11:04:10","slug":"vereinsmitgliedschaft","status":"publish","type":"page","link":"https:\/\/bosnische-schule.org\/?page_id=84","title":{"rendered":"Vereinsmitgliedschaft"},"content":{"rendered":"\r\n<p>Mitglied des Vereines \u201eBosnisch-herzegowinische Schule M\u00fcnchen e. V. \u201c kann jede nat\u00fcrliche oder juristische Person werden. Zur Aufnahme als Mitglied in den Verein reicht die Abgabe des\u00a0Aufnahmeformulars. \u00dcber die Annahme des schriftlichen Aufnahmeantrags entscheidet der Vorstand. Die Aufnahme kann ohne Begr\u00fcndung abgelehnt werden. Die Mitgliedschaft beginnt nach der Entscheidung \u00fcber den Aufnahmeantrag mit der Zahlung des\u00a0Mitgliederbeitrags. Der freiwillige Austritt kann durch schriftliche Erkl\u00e4rung gegen\u00fcber einem Mitglied des Vorstands erfolgen mit einer Frist von drei Monaten.<\/p>\r\n<p><a href=\"https:\/\/bosnische-schule.org\/wp-content\/uploads\/2023\/10\/Vereinsmitgliedschaft_Aufnahme-2021.pdf\">Vereinsmitgliedschaft &#8211; Aufnahmeformular<\/a><\/p>\r\n","protected":false},"excerpt":{"rendered":"<p>Mitglied des Vereines \u201eBosnisch-herzegowinische Schule M\u00fcnchen e. V. \u201c kann jede nat\u00fcrliche oder juristische Person werden. Zur Aufnahme als Mitglied in den Verein reicht die Abgabe des\u00a0Aufnahmeformulars. \u00dcber die Annahme des schriftlichen Aufnahmeantrags entscheidet der Vorstand. Die Aufnahme kann ohne Begr\u00fcndung abgelehnt werden. Die Mitgliedschaft beginnt nach der Entscheidung \u00fcber den Aufnahmeantrag mit der Zahlung<\/p>\n<div class=\"read-more\"><a href=\"https:\/\/bosnische-schule.org\/?page_id=84\" title=\"Read More\">Read More<\/a><\/div>\n","protected":false},"author":1,"featured_media":0,"parent":0,"menu_order":0,"comment_status":"closed","ping_status":"closed","template":"","meta":{"footnotes":""},"class_list":["post-84","page","type-page","status-publish"],"_links":{"self":[{"href":"https:\/\/bosnische-schule.org\/index.php?rest_route=\/wp\/v2\/pages\/84","targetHints":{"allow":["GET"]}}],"collection":[{"href":"https:\/\/bosnische-schule.org\/index.php?rest_route=\/wp\/v2\/pages"}],"about":[{"href":"https:\/\/bosnische-schule.org\/index.php?rest_route=\/wp\/v2\/types\/page"}],"author":[{"embeddable":true,"href":"https:\/\/bosnische-schule.org\/index.php?rest_route=\/wp\/v2\/users\/1"}],"replies":[{"embeddable":true,"href":"https:\/\/bosnische-schule.org\/index.php?rest_route=%2Fwp%2Fv2%2Fcomments&post=84"}],"version-history":[{"count":5,"href":"https:\/\/bosnische-schule.org\/index.php?rest_route=\/wp\/v2\/pages\/84\/revisions"}],"predecessor-version":[{"id":469,"href":"https:\/\/bosnische-schule.org\/index.php?rest_route=\/wp\/v2\/pages\/84\/revisions\/469"}],"wp:attachment":[{"href":"https:\/\/bosnische-schule.org\/index.php?rest_route=%2Fwp%2Fv2%2Fmedia&parent=84"}],"curies":[{"name":"wp","href":"https:\/\/api.w.org\/{rel}","templated":true}]}}