{"id":76,"date":"2023-06-25T12:05:42","date_gmt":"2023-06-25T10:05:42","guid":{"rendered":"https:\/\/bosnische-schule.org\/?page_id=76"},"modified":"2023-10-01T14:00:25","modified_gmt":"2023-10-01T12:00:25","slug":"jugendclub","status":"publish","type":"page","link":"https:\/\/bosnische-schule.org\/?page_id=76","title":{"rendered":"Jugendclub"},"content":{"rendered":"\r\n<p>Nach vier Jahren des Bestehens der Bosnischen Schule in M\u00fcnchen stellen wir fest, dass ein Teil der Teilnehmer aus dem Angebot der Schule hinausw\u00e4chst, weil der konsularische muttersprachliche Unterricht den Sch\u00fclern zwischen der 1. und 8.\/9 Klasse angeboten wird. Aus diesem Grund haben wir, der Verein der bosnisch-herzegowinischen Schule M\u00fcnchen, uns entschieden, in diesem Schuljahr ein weiteres Angebot f\u00fcr die \u00e4lteren Sch\u00fcler*innen anzubieten \u2013\u00a0<strong>den Jugendclub<\/strong>. Wir sind der Meinung, dass gemeinsame Unternehmungen mit Gleichaltrigen, deren Herkunft mit Bosnien und Herzegowina zu tun hat, eine gemeinsame Identit\u00e4t stiftet und ein Bewusstsein f\u00fcr ihre Wurzeln und die Kultur ihrer Familie schafft. Dar\u00fcber hinaus f\u00fchlen wir uns durch das Kennenlernen der Jugendlichen w\u00e4hrend des muttersprachlichen konsularischen Unterrichts verantwortlich zu helfen, die wunderbaren Kontakte, die in der Bosnischen Schule entstanden sind, weiterhin aufrechtzuerhalten und zu pflegen.<br \/>Der Jugendclub richtet sich an Jugendliche ab der 8. Klasse, wobei sie die M\u00f6glichkeit haben, den bosnischen Unterricht regelm\u00e4\u00dfig bis zur 9. Klasse zu besuchen. Wir planen, dass diese Treffen, alle zwei Monate stattfinden sollen. Die Verwaltung des Vereins \u00fcbernimmt die Organisation zusammen mit den Jugendlichen, vorausgesetzt die Eltern stimmen zu.<br \/>Wir wollen gemeinsam ins Kino gehen, ins Theater, Konzerte und andere\u00a0 Kultur- und Sportveranstaltungen besuchen. Au\u00dferdem wollen wir Ausfl\u00fcge unternehmen. Auf dem Programm stehen Vortr\u00e4ge und Seminare, die f\u00fcr diese Altersgruppe interessant sind. L\u00e4ngerfristig stellen wir uns vor, dass die Jugendlichen mit unserer Unterst\u00fctzung selbst solche Veranstaltungen organisieren und planen. Letztendlich sollen s\u00e4mtliche Veranstaltungen eine thematische Verbindung mit unserer Heimat Bosnien und Herzegowina haben.<br \/>Der Jugendclub ist ein offizielles Angebot des Vereins der bosnisch-herzegowinischen Schule M\u00fcnchen. Alle interessierten Sch\u00fcler*innen, die die Bosnische Schule M\u00fcnchen nicht mehr besuchen, sollen den entsprechenden Antrag ausf\u00fcllen, um an den gemeinsamen Treffen teilnehmen zu k\u00f6nnen. Der j\u00e4hrliche Mitgliedsbeitrag, der die oben erw\u00e4hnten Aktivit\u00e4ten beinhaltet, betr\u00e4gt 50 \u20ac. Die Einschreibung soll jedes Jahr verl\u00e4ngert bzw. erneuert werden. F\u00fcr Kinder, die bereits den muttersprachlichen Unterricht der Bosnischen Schule M\u00fcnchen in Anspruch nehmen, erfolgt keine Einschreibung und es fallen keine weiteren Kosten f\u00fcr sie an.<br \/>Liebe Sch\u00fcler und Sch\u00fclerinnen, liebe Eltern, falls ihr Interesse an unserem Jugendclub habt, meldet euch bitte\u00a0<a href=\"mailto:info@bosnische-schule.org?BCC=bosnische.schule@gmail.com&amp;SUBJECT=Jugend%20Club\">e-Mail<\/a><\/p>\r\n\r\n\r\n\r\n<p><a href=\"https:\/\/bosnische-schule.org\/wp-content\/uploads\/2023\/10\/Jugendclub_Einschreibung-2023.pdf\">Jugendclub Einschreibung<\/a><br \/><a href=\"https:\/\/bosnische-schule.org\/wp-content\/uploads\/2023\/06\/Jugendclub_Datenschutzerklaerung.pdf\">Jugendclub Datenschutzerkl\u00e4rung<\/a><\/p>\r\n","protected":false},"excerpt":{"rendered":"<p>Nach vier Jahren des Bestehens der Bosnischen Schule in M\u00fcnchen stellen wir fest, dass ein Teil der Teilnehmer aus dem Angebot der Schule hinausw\u00e4chst, weil der konsularische muttersprachliche Unterricht den Sch\u00fclern zwischen der 1. und 8.\/9 Klasse angeboten wird. Aus diesem Grund haben wir, der Verein der bosnisch-herzegowinischen Schule M\u00fcnchen, uns entschieden, in diesem Schuljahr<\/p>\n<div class=\"read-more\"><a href=\"https:\/\/bosnische-schule.org\/?page_id=76\" title=\"Read More\">Read More<\/a><\/div>\n","protected":false},"author":1,"featured_media":0,"parent":0,"menu_order":0,"comment_status":"closed","ping_status":"closed","template":"","meta":{"footnotes":""},"class_list":["post-76","page","type-page","status-publish"],"_links":{"self":[{"href":"https:\/\/bosnische-schule.org\/index.php?rest_route=\/wp\/v2\/pages\/76","targetHints":{"allow":["GET"]}}],"collection":[{"href":"https:\/\/bosnische-schule.org\/index.php?rest_route=\/wp\/v2\/pages"}],"about":[{"href":"https:\/\/bosnische-schule.org\/index.php?rest_route=\/wp\/v2\/types\/page"}],"author":[{"embeddable":true,"href":"https:\/\/bosnische-schule.org\/index.php?rest_route=\/wp\/v2\/users\/1"}],"replies":[{"embeddable":true,"href":"https:\/\/bosnische-schule.org\/index.php?rest_route=%2Fwp%2Fv2%2Fcomments&post=76"}],"version-history":[{"count":3,"href":"https:\/\/bosnische-schule.org\/index.php?rest_route=\/wp\/v2\/pages\/76\/revisions"}],"predecessor-version":[{"id":475,"href":"https:\/\/bosnische-schule.org\/index.php?rest_route=\/wp\/v2\/pages\/76\/revisions\/475"}],"wp:attachment":[{"href":"https:\/\/bosnische-schule.org\/index.php?rest_route=%2Fwp%2Fv2%2Fmedia&parent=76"}],"curies":[{"name":"wp","href":"https:\/\/api.w.org\/{rel}","templated":true}]}}