{"id":7,"date":"2023-06-24T22:14:16","date_gmt":"2023-06-24T20:14:16","guid":{"rendered":"https:\/\/bosnische-schule.org\/?page_id=7"},"modified":"2025-02-12T23:08:34","modified_gmt":"2025-02-12T22:08:34","slug":"kontakt","status":"publish","type":"page","link":"https:\/\/bosnische-schule.org\/?page_id=7","title":{"rendered":"Kontakt"},"content":{"rendered":"\r\n<h2 class=\"wp-block-heading\">\u00a0<\/h2>\r\n\r\n\r\n\r\n<p><strong><a href=\"mailto:info@bosnische-schule.org\" target=\"_blank\" rel=\"noreferrer noopener\">info@bosnische-schule.org<\/a><\/strong><br \/><br \/>Adresse:<br \/>MORGEN e.V., Netzwerk M\u00fcnchner Migrant*innenorganisationen<br \/>Arnulfstra\u00dfe 197, 2. Stock (c\/o Bosnisch-herzegowinische Schule)<br \/>80634 M\u00fcnchen<br \/><br \/>Vorstand:<br \/><strong>Suada Konjhod\u017ei\u0107<\/strong>, Vorstandvorsitzende<br \/><strong>Anisa Mujd\u017ei\u0107<\/strong>, 1. Vorstand<br \/><strong>Lamija Dilaver<\/strong>, 2. Vorstand<\/p>\r\n","protected":false},"excerpt":{"rendered":"<p>\u00a0 info@bosnische-schule.org Adresse:MORGEN e.V., Netzwerk M\u00fcnchner Migrant*innenorganisationenArnulfstra\u00dfe 197, 2. Stock (c\/o Bosnisch-herzegowinische Schule)80634 M\u00fcnchen Vorstand:Suada Konjhod\u017ei\u0107, VorstandvorsitzendeAnisa Mujd\u017ei\u0107, 1. VorstandLamija Dilaver, 2. Vorstand<\/p>\n","protected":false},"author":1,"featured_media":0,"parent":0,"menu_order":0,"comment_status":"closed","ping_status":"closed","template":"","meta":{"footnotes":""},"class_list":["post-7","page","type-page","status-publish"],"_links":{"self":[{"href":"https:\/\/bosnische-schule.org\/index.php?rest_route=\/wp\/v2\/pages\/7","targetHints":{"allow":["GET"]}}],"collection":[{"href":"https:\/\/bosnische-schule.org\/index.php?rest_route=\/wp\/v2\/pages"}],"about":[{"href":"https:\/\/bosnische-schule.org\/index.php?rest_route=\/wp\/v2\/types\/page"}],"author":[{"embeddable":true,"href":"https:\/\/bosnische-schule.org\/index.php?rest_route=\/wp\/v2\/users\/1"}],"replies":[{"embeddable":true,"href":"https:\/\/bosnische-schule.org\/index.php?rest_route=%2Fwp%2Fv2%2Fcomments&post=7"}],"version-history":[{"count":5,"href":"https:\/\/bosnische-schule.org\/index.php?rest_route=\/wp\/v2\/pages\/7\/revisions"}],"predecessor-version":[{"id":562,"href":"https:\/\/bosnische-schule.org\/index.php?rest_route=\/wp\/v2\/pages\/7\/revisions\/562"}],"wp:attachment":[{"href":"https:\/\/bosnische-schule.org\/index.php?rest_route=%2Fwp%2Fv2%2Fmedia&parent=7"}],"curies":[{"name":"wp","href":"https:\/\/api.w.org\/{rel}","templated":true}]}}