{"id":687,"date":"2026-04-14T19:08:27","date_gmt":"2026-04-14T17:08:27","guid":{"rendered":"https:\/\/bosnische-schule.org\/?page_id=687"},"modified":"2026-04-14T19:08:27","modified_gmt":"2026-04-14T17:08:27","slug":"nasi-junaci-nejra-kadic-2","status":"publish","type":"page","link":"https:\/\/bosnische-schule.org\/?page_id=687&lang=bs","title":{"rendered":"Na\u0161i junaci: Nejra Kadi\u0107"},"content":{"rendered":"<p><strong><img loading=\"lazy\" decoding=\"async\" class=\"alignright  wp-image-685\" src=\"https:\/\/bosnische-schule.org\/wp-content\/uploads\/2026\/04\/nejrakadic.jpg\" alt=\"\" width=\"232\" height=\"246\" \/>Ime i prezime<\/strong><br \/>\nNejra Kadi\u0107<\/p>\n<p><strong>Mjesto boravka u Bosni i Hercegovini:<\/strong><br \/>\nBosanska Otoka<\/p>\n<p><strong>Predmetna ili razredna nastava:<\/strong><br \/>\nBosanski jezik i knji\u017eevnost<\/p>\n<p><strong>Uzrast djece\/odjeljenje koje vodite u BH \u0161koli Minhen:<\/strong><br \/>\n1.\u2013 9. razreda<\/p>\n<p><strong>Od kada ste u BH \u0161koli Minhen:<\/strong><br \/>\nSeptembar 2025.<\/p>\n<p><strong>Za\u0161to ste odlu\u010dili da postanete u\u010diteljica?<\/strong><br \/>\nJo\u0161 od najranijeg djetinjstva nosila sam \u017eelju da jednog dana budem u\u010diteljica. Veliki trag u meni ostavila je moja u\u010diteljica, koja je svoj posao obavljala s toliko ljubavi, pa\u017enje i po\u0161tovanja da sam u njoj vidjela uzor kakav sam i sama \u017eeljela postati. Danas, s posebnom zahvalno\u0161\u0107u, mogu re\u0107i da sam ostvarila svoju dje\u010diju \u017eelju.<br \/>\nBosanski jezik i knji\u017eevnost bio je moj prirodan izbor, jer je to bio moj omiljeni predmet tokom \u0161kolovanja. Ljubav prema \u010ditanju, koja me prati od ranog djetinjstva, ostala je do danas moja velika strast.<br \/>\n\u010cime biste se rado bavili da niste u prosvjeti?<br \/>\nIskreno, te\u0161ko mi je zamisliti sebe u nekom drugom pozivu. \u010cak i kada poku\u0161am odgovoriti na to pitanje, uvijek se vratim istoj misli da je rad s djecom je ono \u0161to me ispunjava i daje smisao onome \u0161to radim.<br \/>\nI nakon dolaska u Njema\u010dku nastavila sam raditi s djecom, kako kroz svoj glavni posao, tako i kroz anga\u017eman u Bosanskoj \u0161koli Minhen. To je poziv koji daje posebnu vrstu zadovoljstva. \u010cak i u trenucima umora, dovoljan je jedan iskren dje\u010diji osmijeh da vrati energiju i podsjeti za\u0161to ovaj posao ima toliku vrijednost. U vremenu u kojem djeca odrastaju uz brojne izazove, posebno je va\u017eno da uz sebe imaju osobe koje \u0107e im pru\u017eiti razumijevanje, podr\u0161ku i osje\u0107aj sigurnosti.<br \/>\n\u0160ta vam se svi\u0111a u Bosanskoj \u0161koli u Minhenu?<br \/>\nPo dolasku u Njema\u010dku, jedna od prvih stvari koje sam tra\u017eila bila je mogu\u0107nost da ostanem povezana s na\u0161im jezikom i zajednicom. \u017deljela sam doprinijeti o\u010duvanju bosanskog jezika, kulture i identiteta me\u0111u djecom u dijaspori.<br \/>\nIako je pandemija na neko vrijeme zaustavila te planove, \u017eelja je ostala. Kada su ponovo pokrenute aktivnosti i otvoreno odjeljenje u Augsburgu, od septembra 2025. godine i sama sam postala dio te pri\u010de i na \u010demu sam neizmjerno zahvalna.<br \/>\nNa\u0161e odjeljenje je kombinovano, ali upravo to mu daje posebnu toplinu. Postali smo mala zajednica koja funkcioni\u0161e kao porodica. Iz sedmice u sedmicu radujem se gledaju\u0107i kako djeca napreduju, kako se povezuju i kako kroz zajedni\u010dki rad grade prijateljstva.<br \/>\nPosebnu vrijednost vidim u tome \u0161to nastavu ne ograni\u010davamo klasi\u010dnim okvirima. Kroz razli\u010dite aktivnosti, razgovor i kreativan rad, djeca ne u\u010de samo jezik, ve\u0107 upoznaju i svoju kulturu, historiju i ono \u0161to ih povezuje s njihovim korijenima.<br \/>\nKako bi roditelji trebali motivisati svoju djecu da kod ku\u0107e govore bosanski? \u0160ta biste preporu\u010dili roditeljima?<br \/>\nBez kontinuirane podr\u0161ke u porodi\u010dnom okru\u017eenju te\u0161ko je o\u010dekivati zna\u010dajnije rezultate. Dva \u010dasa sedmi\u010dno mogu biti dobar temelj, ali istinska sigurnost i te\u010dnost u pri\u010danju na maternjem jeziku razvijaju se kroz svakodnevnu upotrebu i redovno \u010ditanje kod ku\u0107e.<br \/>\nU nastavi se trudim da djeca \u0161to vi\u0161e \u010ditaju, ali im to \u010desto predstavlja izazov. Upravo zato je va\u017eno da se navika \u010ditanja razvija i u ku\u0107nom okru\u017eenju kroz naprimjer kratke i zanimljive pri\u010de.<br \/>\nRoditelji se ne trebaju bojati da \u0107e djeca, ukoliko kod ku\u0107e govore bosanski, imati pote\u0161ko\u0107a u u\u010denju jezika zemlje u kojoj \u017eive. Naprotiv, djeca su izuzetno prilagodljiva i s lako\u0107om usvajaju vi\u0161e jezika istovremeno.<br \/>\nZato je va\u017eno da u porodici njegujemo maternji jezik kroz razgovor, kroz knjige, kroz svakodnevne male navike koje dugoro\u010dno imaju veliku vrijednost. Ponekad je dovoljan i mali gest, poput dono\u0161enja jedne knjige s odmora iz Bosne, da se kod djeteta probudi interes i osje\u0107aj povezanosti.<br \/>\nNa kraju, moja poruka roditeljima je jednostavna: govorite sa svojom djecom bosanski i ohrabrujte ih da ga s ponosom koriste. \u0160aljite ih u bosansku \u0161kolu i budimo zajedno \u010duvari onoga \u0161to nas odre\u0111uje. Jer jezik nije samo sredstvo komunikacije \u2013 on je dio na\u0161eg identiteta, na\u0161e pripadnosti i na\u0161ih korijena. Najljep\u0161i primjer za to je i nogometna reprezentacija Bosne i Hercegovine. Mnogi od njih su djetinjstvo proveli daleko od domovine, ali danas s posebnim ponosom nose dres s njenim grbom, pokazuju\u0107i koliko je ljubav prema domovini sna\u017ena i neizbrisiva, te koliko je va\u017eno da na\u0161a djeca uvijek znaju gdje pripadaju i gdje su im korijeni.<\/p>\n<p>&nbsp;<\/p>\n","protected":false},"excerpt":{"rendered":"<p>Ime i prezime Nejra Kadi\u0107 Mjesto boravka u Bosni i Hercegovini: Bosanska Otoka Predmetna ili razredna nastava: Bosanski jezik i knji\u017eevnost Uzrast djece\/odjeljenje koje vodite u BH \u0161koli Minhen: 1.\u2013 9. razreda Od kada ste u BH \u0161koli Minhen: Septembar 2025. Za\u0161to ste odlu\u010dili da postanete u\u010diteljica? Jo\u0161 od najranijeg djetinjstva nosila sam \u017eelju da<\/p>\n<div class=\"read-more\"><a href=\"https:\/\/bosnische-schule.org\/?page_id=687&#038;lang=bs\" title=\"Read More\">Read More<\/a><\/div>\n","protected":false},"author":1,"featured_media":0,"parent":0,"menu_order":0,"comment_status":"closed","ping_status":"closed","template":"","meta":{"footnotes":""},"class_list":["post-687","page","type-page","status-publish"],"_links":{"self":[{"href":"https:\/\/bosnische-schule.org\/index.php?rest_route=\/wp\/v2\/pages\/687","targetHints":{"allow":["GET"]}}],"collection":[{"href":"https:\/\/bosnische-schule.org\/index.php?rest_route=\/wp\/v2\/pages"}],"about":[{"href":"https:\/\/bosnische-schule.org\/index.php?rest_route=\/wp\/v2\/types\/page"}],"author":[{"embeddable":true,"href":"https:\/\/bosnische-schule.org\/index.php?rest_route=\/wp\/v2\/users\/1"}],"replies":[{"embeddable":true,"href":"https:\/\/bosnische-schule.org\/index.php?rest_route=%2Fwp%2Fv2%2Fcomments&post=687"}],"version-history":[{"count":1,"href":"https:\/\/bosnische-schule.org\/index.php?rest_route=\/wp\/v2\/pages\/687\/revisions"}],"predecessor-version":[{"id":688,"href":"https:\/\/bosnische-schule.org\/index.php?rest_route=\/wp\/v2\/pages\/687\/revisions\/688"}],"wp:attachment":[{"href":"https:\/\/bosnische-schule.org\/index.php?rest_route=%2Fwp%2Fv2%2Fmedia&parent=687"}],"curies":[{"name":"wp","href":"https:\/\/api.w.org\/{rel}","templated":true}]}}