{"id":684,"date":"2026-04-14T19:07:59","date_gmt":"2026-04-14T17:07:59","guid":{"rendered":"https:\/\/bosnische-schule.org\/?page_id=684"},"modified":"2026-04-14T19:13:26","modified_gmt":"2026-04-14T17:13:26","slug":"nasi-junaci-nejra-kadic","status":"publish","type":"page","link":"https:\/\/bosnische-schule.org\/?page_id=684","title":{"rendered":"Steckbrief: Nejra Kadi\u0107"},"content":{"rendered":"<p><strong><img loading=\"lazy\" decoding=\"async\" class=\"alignright wp-image-685\" src=\"https:\/\/bosnische-schule.org\/wp-content\/uploads\/2026\/04\/nejrakadic.jpg\" alt=\"\" width=\"232\" height=\"246\" \/>Vor- und Nachname:<br \/>\n<\/strong>Nejra Kadi\u0107<\/p>\n<p><strong>Wohnort in Bosnien und Herzegowina:<\/strong><br \/>\nBosanska Otoka<\/p>\n<p><strong>Fach- oder Klassenlehrer:<br \/>\n<\/strong>Bosnische Sprache<\/p>\n<p><strong>Welche Klassen unterrichten Sie in der Bosnischen Schule:<\/strong><br \/>\n1.\u2013 9. Klasse<\/p>\n<p><strong>Seit wann sind Sie in der Bosnischen Schule besch\u00e4ftigt:<\/strong><br \/>\nSeptember 2025<\/p>\n<p><strong>Warum haben Sie sich entschieden, Lehrerin zu werden?<\/strong><br \/>\nSchon seit meiner fr\u00fchesten Kindheit hatte ich den Wunsch, eines Tages Lehrerin zu werden. Meine Lehrerin, die ihren Beruf mit so viel Liebe, Aufmerksamkeit und Respekt aus\u00fcbte, hat mich sehr gepr\u00e4gt. Ich sah in ihr mein Vorbild. Heute kann ich voller Dankbarkeit sagen, dass ich mir meinen Kindheitstraum erf\u00fcllt habe. Bosnische Sprache und Literatur waren meine naheliegende Wahl, da es mein Lieblingsfach in der Schule war. Die Liebe zum Lesen, die mich seit meiner fr\u00fchen Kindheit begleitet, ist bis heute meine gro\u00dfe Leidenschaft.<br \/>\nWas w\u00fcrden Sie tun, wenn Sie nicht im Bildungsbereich t\u00e4tig w\u00e4ren?<br \/>\nEhrlich gesagt, kann ich mir kaum einen anderen Beruf vorstellen. Selbst wenn ich versuche, diese Frage zu beantworten, komme ich immer wieder zu dem Schluss, dass die Arbeit mit Kindern mich erf\u00fcllt.<br \/>\nAuch nach meiner Ankunft in Deutschland habe ich weiterhin mit Kindern gearbeitet, sowohl in meinem Hauptberuf als auch durch mein Engagement an der Bosnischen Schule in M\u00fcnchen. Es ist eine Berufung, die mir eine ganz besondere Zufriedenheit schenkt. Selbst in Momenten der Ersch\u00f6pfung gen\u00fcgt das aufrichtige L\u00e4cheln eines Kindes, um neue Energie zu tanken und daran zu erinnern, warum diese Arbeit so wertvoll ist. Gerade in einer Zeit, in der Kinder mit vielen Herausforderungen aufwachsen, ist es besonders wichtig, dass sie Menschen an ihrer Seite haben, die ihnen Verst\u00e4ndnis, Unterst\u00fctzung und Geborgenheit schenken.<\/p>\n<p><strong>Was gef\u00e4llt Ihnen an der Bosnischen Schule in M\u00fcnchen?<br \/>\n<\/strong>Nach meiner Ankunft in Deutschland war es mir besonders wichtig, mit unserer Sprache und Gemeinschaft verbunden zu bleiben. Ich wollte dazu beitragen, die bosnische Sprache, Kultur und Identit\u00e4t unter den Kindern in der Diaspora zu bewahren.<br \/>\nObwohl die Pandemie diese Pl\u00e4ne vor\u00fcbergehend durchkreuzte, blieb der Wunsch bestehen. Als die Aktivit\u00e4ten wieder aufgenommen und die Klasse in Augsburg er\u00f6ffnet wurde, wurde ich ab September 2025 selbst Teil dieser Geschichte, wof\u00fcr ich unendlich dankbar bin.<br \/>\nUnsere Klasse besteht aus Kindern, die normalerweise unterschiedliche Jahrgangsstufen besuchen, aber genau das verleiht ihr eine besondere Herzlichkeit. Wir sind zu einer kleinen Gemeinschaft geworden, die wie eine Familie funktioniert. Woche f\u00fcr Woche freue ich mich darauf zu sehen, wie die Kinder Fortschritte machen, wie sie sich vernetzen und wie sie durch die Zusammenarbeit Freundschaften schlie\u00dfen.<br \/>\nIch sehe einen besonderen Wert darin, dass wir den Unterricht nicht auf die klassischen Lehrpl\u00e4ne beschr\u00e4nken. Durch vielf\u00e4ltige Aktivit\u00e4ten, Gespr\u00e4che und kreatives Arbeiten lernen die Kinder nicht nur die Sprache, sondern entdecken auch ihre Kultur, ihre Geschichte und ihre Wurzeln.<br \/>\nWie k\u00f6nnten Eltern ihre Kinder motivieren, zu Hause Bosnisch zu sprechen? Was w\u00fcrden Sie den Eltern empfehlen?<br \/>\nOhne kontinuierliche Unterst\u00fctzung im famili\u00e4ren Umfeld sind kaum nennenswerte Fortschritte zu erwarten. Zwei Unterrichtsstunden pro Woche k\u00f6nnen eine gute Grundlage bilden, doch das Selbstvertrauen beim Sprechen der Muttersprache entwickelt sich durch den t\u00e4glichen Gebrauch und regelm\u00e4\u00dfiges Lesen zu Hause.<br \/>\nIm Unterricht versuche ich, die Kinder zum Lesen anzuregen, was ihnen oft schwerf\u00e4llt. Deshalb ist es wichtig, die Lesegewohnheit zu Hause zu f\u00f6rdern, zum Beispiel durch kurze, interessante Geschichten.<br \/>\nEltern sollten keine Angst haben, dass Kinder, die zu Hause Bosnisch sprechen, Schwierigkeiten beim Erlernen der Sprache des Landes in dem sie leben, haben. Im Gegenteil: Kinder sind \u00e4u\u00dferst anpassungsf\u00e4hig und erwerben problemlos mehrere Sprachen gleichzeitig.<br \/>\nDeshalb ist es wichtig, die Muttersprache in der Familie durch Gespr\u00e4che, B\u00fccher und kleine, wertvolle Alltagsgewohnheiten zu pflegen. Manchmal gen\u00fcgt schon eine kleine Geste, wie ein mitgebrachtes Buch aus dem Bosnienurlaub, um das Interesse und die Verbundenheit eines Kindes zu wecken.<br \/>\nMeine Botschaft an die Eltern ist einfach: Sprechen Sie Bosnisch mit Ihren Kindern und ermutigen Sie sie, die Sprache mit Stolz zu verwenden. Melden sie Ihre Kinder in der Bosnischen Schule an und lassen Sie uns gemeinsam das aufbewahren, was uns verbindet. Denn Sprache ist nicht nur ein Mittel zur Kommunikation \u2013 sie ist ein Teil unserer Identit\u00e4t, unserer Zugeh\u00f6rigkeit und unserer Wurzeln. Das beste Beispiel daf\u00fcr ist die Fu\u00dfballnationalmannschaft von Bosnien und Herzegowina. Viele von ihnen verbrachten ihre Kindheit fern der Heimat, doch heute tragen sie mit besonderem Stolz das Trikot mit dem Wappen ihres Landes. Das zeigt, wie stark und unverg\u00e4nglich die Liebe zur Heimat ist und wie wichtig es ist, dass unsere Kinder immer wissen, wo sie hingeh\u00f6ren und wo ihre Wurzeln sind.<\/p>\n<p>&nbsp;<\/p>\n","protected":false},"excerpt":{"rendered":"<p>Vor- und Nachname: Nejra Kadi\u0107 Wohnort in Bosnien und Herzegowina: Bosanska Otoka Fach- oder Klassenlehrer: Bosnische Sprache Welche Klassen unterrichten Sie in der Bosnischen Schule: 1.\u2013 9. Klasse Seit wann sind Sie in der Bosnischen Schule besch\u00e4ftigt: September 2025 Warum haben Sie sich entschieden, Lehrerin zu werden? Schon seit meiner fr\u00fchesten Kindheit hatte ich den<\/p>\n<div class=\"read-more\"><a href=\"https:\/\/bosnische-schule.org\/?page_id=684\" title=\"Read More\">Read More<\/a><\/div>\n","protected":false},"author":1,"featured_media":0,"parent":0,"menu_order":0,"comment_status":"closed","ping_status":"closed","template":"","meta":{"footnotes":""},"class_list":["post-684","page","type-page","status-publish"],"_links":{"self":[{"href":"https:\/\/bosnische-schule.org\/index.php?rest_route=\/wp\/v2\/pages\/684","targetHints":{"allow":["GET"]}}],"collection":[{"href":"https:\/\/bosnische-schule.org\/index.php?rest_route=\/wp\/v2\/pages"}],"about":[{"href":"https:\/\/bosnische-schule.org\/index.php?rest_route=\/wp\/v2\/types\/page"}],"author":[{"embeddable":true,"href":"https:\/\/bosnische-schule.org\/index.php?rest_route=\/wp\/v2\/users\/1"}],"replies":[{"embeddable":true,"href":"https:\/\/bosnische-schule.org\/index.php?rest_route=%2Fwp%2Fv2%2Fcomments&post=684"}],"version-history":[{"count":4,"href":"https:\/\/bosnische-schule.org\/index.php?rest_route=\/wp\/v2\/pages\/684\/revisions"}],"predecessor-version":[{"id":693,"href":"https:\/\/bosnische-schule.org\/index.php?rest_route=\/wp\/v2\/pages\/684\/revisions\/693"}],"wp:attachment":[{"href":"https:\/\/bosnische-schule.org\/index.php?rest_route=%2Fwp%2Fv2%2Fmedia&parent=684"}],"curies":[{"name":"wp","href":"https:\/\/api.w.org\/{rel}","templated":true}]}}