{"id":667,"date":"2026-01-20T21:17:13","date_gmt":"2026-01-20T20:17:13","guid":{"rendered":"https:\/\/bosnische-schule.org\/?page_id=667"},"modified":"2026-01-20T21:33:46","modified_gmt":"2026-01-20T20:33:46","slug":"steckbrief-melisa-pervic-srebrovic","status":"publish","type":"page","link":"https:\/\/bosnische-schule.org\/?page_id=667","title":{"rendered":"Steckbrief: Melisa Pervi\u0107 &#8211; Srebrovi\u0107"},"content":{"rendered":"<p><strong><img loading=\"lazy\" decoding=\"async\" class=\"alignright wp-image-662\" src=\"https:\/\/bosnische-schule.org\/wp-content\/uploads\/2026\/01\/melisa_pervic_srebrovic.jpeg\" alt=\"\" width=\"250\" height=\"376\" \/>Vor- und Nachname:<br \/>\n<\/strong>Melisa Pervi\u0107-Srebrovi\u0107<\/p>\n<p><strong>Wohnort in Bosnien und Herzegowina:<br \/>\n<\/strong>Sarajevo\/Klju\u010d<\/p>\n<p><strong>Fach- oder Klassenlehrer:<br \/>\n<\/strong>Klassenlehrerin<\/p>\n<p><strong>Welche Klassen unterrichten Sie in der Bosnischen Schule:<br \/>\n<\/strong>Vorschule &#8211; 9. Klasse<\/p>\n<p><strong>Seit wann sind Sie in der Bosnischen Schule besch\u00e4ftigt:<br \/>\n<\/strong>Juni 2025.<\/p>\n<p><strong>Warum haben Sie sich entschieden, Lehrerin zu werden?<\/strong><\/p>\n<p>Lehrerin zu sein ist f\u00fcr mich mehr als nur ein Beruf. Es ist eine Berufung, die Wunder bewirken kann. Ich glaube fest daran, dass das Einzige, was uns wirklich geh\u00f6rt und was uns niemand wegnehmen kann, das Wissen ist. \u00a0Als Lehrerin m\u00f6chte ich Kinder motivieren und ermutigen, ihr Potenzial zu entfalten, damit sie erkennen, wie wertvoll es ist, Wissen auf verschiedene Weise zu erlangen.<\/p>\n<p><strong>Was gef\u00e4llt Ihnen an der Bosnischen Schule M\u00fcnchen?<\/strong><\/p>\n<p>Das Konzept der gemischten Gruppe hat mich begeistert, da es zahlreiche Vorteile bietet. Zun\u00e4chst erm\u00f6glicht es eine kreative Gestaltung des Unterrichts, was das Lernen dynamischer und interessanter macht. Kinder lernen voneinander wie in der Familie von Geschwistern. In einer solchen Umgebung haben die Kinder die M\u00f6glichkeit, ihr Vorwissen miteinander zu teilen, was nicht nur den Lernprozess erleichtert, sondern auch dazu beitr\u00e4gt, Gemeinschaft und gegenseitiges Vertrauen aufzubauen. Ich bin auch der Meinung, dass der Unterricht an der Bosnische Schule eine wichtige Rolle bei der Identit\u00e4t und dem Verst\u00e4ndnis des Selbstbildes spielt. Der Unterricht in der bosnischen Sprache erm\u00f6glicht es uns, das zu sein, was wir sind, da durch die Interaktion ein Zugeh\u00f6rigkeitsgef\u00fchl entsteht.<\/p>\n<p><strong>Wie sollen die Eltern ihre Kinder motivieren, Zuhause Bosnisch zu sprechen? Was w\u00fcrden Sie den Eltern empfehlen?<\/strong><\/p>\n<p>Es ist aus mehreren Gr\u00fcnden wichtig, dass Kinder zu Hause ihre Muttersprache sprechen. Das bedeutet nicht nur die sprachliche und kognitive Entwicklung der Kinder f\u00f6rdern, sondern auch ihre emotionale und kulturelle Identit\u00e4t st\u00e4rken. Die beste M\u00f6glichkeit ist Bosnisch im Alltag zu integrieren. Damit Kinder dabei nicht durcheinanderkommen, es ist sinnvoll die Sprache an Aktivit\u00e4ten zu koppeln, z. B. \u00a0Deutsch beim Sport, Bosnisch beim Essen. Sehr wichtig f\u00fcr Kinder ist dabei Spa\u00df zu haben und spielerisch zu lernen. Reime und Musik machen Spa\u00df, sind leicht zu merken und k\u00f6nnen helfen, das Sprachgef\u00fchl zu entwickeln. Gemeinsames Singen ist also eine gute Idee. Pers\u00f6nliche Treffen sind von gro\u00dfer Bedeutung, da sie den Sprachaustausch f\u00f6rdern.<\/p>\n<p>Die Bildordnungsspiele sind auch eine gute Wahl. Sie helfen Kindern neue W\u00f6rter visuell zu verankern, denn unser Gehirn denkt lieber in Bildern als alles andere. Das Vorlesen und Lesen als Lernmethoden sollten nicht untersch\u00e4tzt werden. B\u00fccher, Geschichten und Gedichte erm\u00f6glichen uns einen Zugang zu unserer Kultur und f\u00f6rdern das Verst\u00e4ndnis f\u00fcr kulturelle Kontexte. Das Erlernen einer Sprache erfordert Zeit und Geduld. Das Durchhalteverm\u00f6gen ist der Schl\u00fcssel zum Erfolg. Wenn Kinder zu Hause nicht Bosnisch sprechen, besteht die Gefahr, dass sie diese Sprache im Laufe der Zeit verlieren oder nur sehr eingeschr\u00e4nkt beherrschen.<\/p>\n","protected":false},"excerpt":{"rendered":"<p>Vor- und Nachname: Melisa Pervi\u0107-Srebrovi\u0107 Wohnort in Bosnien und Herzegowina: Sarajevo\/Klju\u010d Fach- oder Klassenlehrer: Klassenlehrerin Welche Klassen unterrichten Sie in der Bosnischen Schule: Vorschule &#8211; 9. Klasse Seit wann sind Sie in der Bosnischen Schule besch\u00e4ftigt: Juni 2025. Warum haben Sie sich entschieden, Lehrerin zu werden? Lehrerin zu sein ist f\u00fcr mich mehr als nur<\/p>\n<div class=\"read-more\"><a href=\"https:\/\/bosnische-schule.org\/?page_id=667\" title=\"Read More\">Read More<\/a><\/div>\n","protected":false},"author":1,"featured_media":0,"parent":0,"menu_order":0,"comment_status":"closed","ping_status":"closed","template":"","meta":{"footnotes":""},"class_list":["post-667","page","type-page","status-publish"],"_links":{"self":[{"href":"https:\/\/bosnische-schule.org\/index.php?rest_route=\/wp\/v2\/pages\/667","targetHints":{"allow":["GET"]}}],"collection":[{"href":"https:\/\/bosnische-schule.org\/index.php?rest_route=\/wp\/v2\/pages"}],"about":[{"href":"https:\/\/bosnische-schule.org\/index.php?rest_route=\/wp\/v2\/types\/page"}],"author":[{"embeddable":true,"href":"https:\/\/bosnische-schule.org\/index.php?rest_route=\/wp\/v2\/users\/1"}],"replies":[{"embeddable":true,"href":"https:\/\/bosnische-schule.org\/index.php?rest_route=%2Fwp%2Fv2%2Fcomments&post=667"}],"version-history":[{"count":3,"href":"https:\/\/bosnische-schule.org\/index.php?rest_route=\/wp\/v2\/pages\/667\/revisions"}],"predecessor-version":[{"id":675,"href":"https:\/\/bosnische-schule.org\/index.php?rest_route=\/wp\/v2\/pages\/667\/revisions\/675"}],"wp:attachment":[{"href":"https:\/\/bosnische-schule.org\/index.php?rest_route=%2Fwp%2Fv2%2Fmedia&parent=667"}],"curies":[{"name":"wp","href":"https:\/\/api.w.org\/{rel}","templated":true}]}}