{"id":629,"date":"2025-05-05T19:31:49","date_gmt":"2025-05-05T17:31:49","guid":{"rendered":"https:\/\/bosnische-schule.org\/?page_id=629"},"modified":"2025-05-05T19:35:43","modified_gmt":"2025-05-05T17:35:43","slug":"nasi-junaci-selma-kuzma","status":"publish","type":"page","link":"https:\/\/bosnische-schule.org\/?page_id=629&lang=bs","title":{"rendered":"Na\u0161i junaci: Selma Kuzma"},"content":{"rendered":"<p><img loading=\"lazy\" decoding=\"async\" class=\"alignright wp-image-627\" src=\"https:\/\/bosnische-schule.org\/wp-content\/uploads\/2025\/05\/selma_kuzma.jpg\" alt=\"\" width=\"243\" height=\"324\" srcset=\"https:\/\/bosnische-schule.org\/wp-content\/uploads\/2025\/05\/selma_kuzma.jpg 1539w, https:\/\/bosnische-schule.org\/wp-content\/uploads\/2025\/05\/selma_kuzma-768x1022.jpg 768w, https:\/\/bosnische-schule.org\/wp-content\/uploads\/2025\/05\/selma_kuzma-1154x1536.jpg 1154w\" sizes=\"auto, (max-width: 243px) 100vw, 243px\" \/><strong style=\"font-size: 1.0769em;\">Mjesto boravka u Bosni i Hercegovini:<br \/>\n<\/strong>Sarajevo<\/p>\n<p><strong>Predmetna ili razredna nastava:<\/strong><br \/>\nProfesor knji\u017eevnosti naroda BiH i bosanskoga, hrvatskoga i srpskoga jezika<\/p>\n<p><strong>Uzrast djece\/odjeljenje koje vodite u Bh. skoli Minhen:<\/strong><br \/>\nOd 1. do 6. razreda<\/p>\n<p><strong>Od kada ste u Bh. \u0161koli Minhen<\/strong>:<br \/>\nOd marta 2025. godine<\/p>\n<p>&nbsp;<\/p>\n<p><strong>Za\u0161to ste se odlu\u010dili postati nastavnica?<\/strong><\/p>\n<p>To sam nekako oduvijek znala da \u0107u biti, cijeli moj \u017eivotni put vodio me ka tome. Vrlo rano razvila sam ljubav prema jeziku i knji\u017eevnosti. Otac mi je bio pisac i onaj koji me je uveo u \u010dudesan svijet pisane rije\u010di, a u jednom trenutku ujedinili smo kreativne snage i objavili zajedni\u010dku zbirku pjesama za djecu. Me\u0111utim, ono \u0161to je bilo najvi\u0161e presudno, tokom \u0161kolovanja sam otkrila jo\u0161 jednu veliku ljubav u sebi, mo\u017eda i najbitniju za ovaj poziv: ljubav prema podu\u010davanju.<\/p>\n<p><strong>\u0160ta Vam se svi\u0111a u Bosanskoj \u0161koli Minhen?<\/strong><\/p>\n<p>Veoma me obradovalo saznanje da postoji mjesto gdje se djeci, koja potje\u010du sa na\u0161ih prostora, omogu\u0107ava susretanje sa na\u0161im jezikom, gdje mogu nau\u010diti i saznati ne\u0161to vi\u0161e o zemlji svog porijekla, gdje se mogu upoznati sa kulturom i obi\u010dajima na\u0161e zemlje. Naravno da je vrlo va\u017eno da djeca usvajaju nove jezike, ali, tako\u0111er, veoma je bitno i da njeguju maternji jezik, koji je jedno od najsna\u017enijih obilje\u017eja identiteta pojedinca.<\/p>\n<p><strong>Va\u0161a poruka\/savjet roditeljima u\u010denika*ca Bosanske \u0161kole Minhen, kako motivirati svoju djecu da govore kod ku\u0107e bosanski jezik?<\/strong><\/p>\n<p>Da bi se neki jezik mogao lak\u0161e savladati, potrebno se \u201eokru\u017eiti\u201c njime. Dakle, na maternjem jeziku treba voditi \u0161to vi\u0161e razgovora sa djetetom, ali i roditelji ga me\u0111usobno trebaju koristiti. Osim toga, doma\u0107i igrani filmovi, crtani filmovi sinhronizirani na na\u0161 jezik, pjesme, knjige, stripovi i slikovnice na na\u0161em jeziku, sve su to alati koji roditeljima mogu pomo\u0107i da svojoj djeci pribli\u017ee na\u0161 jezik<\/p>\n","protected":false},"excerpt":{"rendered":"<p>Mjesto boravka u Bosni i Hercegovini: Sarajevo Predmetna ili razredna nastava: Profesor knji\u017eevnosti naroda BiH i bosanskoga, hrvatskoga i srpskoga jezika Uzrast djece\/odjeljenje koje vodite u Bh. skoli Minhen: Od 1. do 6. razreda Od kada ste u Bh. \u0161koli Minhen: Od marta 2025. godine &nbsp; Za\u0161to ste se odlu\u010dili postati nastavnica? To sam nekako<\/p>\n<div class=\"read-more\"><a href=\"https:\/\/bosnische-schule.org\/?page_id=629&#038;lang=bs\" title=\"Read More\">Read More<\/a><\/div>\n","protected":false},"author":1,"featured_media":0,"parent":0,"menu_order":0,"comment_status":"closed","ping_status":"closed","template":"","meta":{"footnotes":""},"class_list":["post-629","page","type-page","status-publish"],"_links":{"self":[{"href":"https:\/\/bosnische-schule.org\/index.php?rest_route=\/wp\/v2\/pages\/629","targetHints":{"allow":["GET"]}}],"collection":[{"href":"https:\/\/bosnische-schule.org\/index.php?rest_route=\/wp\/v2\/pages"}],"about":[{"href":"https:\/\/bosnische-schule.org\/index.php?rest_route=\/wp\/v2\/types\/page"}],"author":[{"embeddable":true,"href":"https:\/\/bosnische-schule.org\/index.php?rest_route=\/wp\/v2\/users\/1"}],"replies":[{"embeddable":true,"href":"https:\/\/bosnische-schule.org\/index.php?rest_route=%2Fwp%2Fv2%2Fcomments&post=629"}],"version-history":[{"count":4,"href":"https:\/\/bosnische-schule.org\/index.php?rest_route=\/wp\/v2\/pages\/629\/revisions"}],"predecessor-version":[{"id":635,"href":"https:\/\/bosnische-schule.org\/index.php?rest_route=\/wp\/v2\/pages\/629\/revisions\/635"}],"wp:attachment":[{"href":"https:\/\/bosnische-schule.org\/index.php?rest_route=%2Fwp%2Fv2%2Fmedia&parent=629"}],"curies":[{"name":"wp","href":"https:\/\/api.w.org\/{rel}","templated":true}]}}