{"id":626,"date":"2025-05-05T19:29:44","date_gmt":"2025-05-05T17:29:44","guid":{"rendered":"https:\/\/bosnische-schule.org\/?page_id=626"},"modified":"2025-05-05T19:36:36","modified_gmt":"2025-05-05T17:36:36","slug":"steckbrief-selma-kuzma","status":"publish","type":"page","link":"https:\/\/bosnische-schule.org\/?page_id=626","title":{"rendered":"Steckbrief: Selma Kuzma"},"content":{"rendered":"<p><strong><img loading=\"lazy\" decoding=\"async\" class=\"alignright wp-image-627\" src=\"https:\/\/bosnische-schule.org\/wp-content\/uploads\/2025\/05\/selma_kuzma.jpg\" alt=\"\" width=\"243\" height=\"323\" srcset=\"https:\/\/bosnische-schule.org\/wp-content\/uploads\/2025\/05\/selma_kuzma.jpg 1539w, https:\/\/bosnische-schule.org\/wp-content\/uploads\/2025\/05\/selma_kuzma-768x1022.jpg 768w, https:\/\/bosnische-schule.org\/wp-content\/uploads\/2025\/05\/selma_kuzma-1154x1536.jpg 1154w\" sizes=\"auto, (max-width: 243px) 100vw, 243px\" \/>Warum haben Sie sich entschieden, Lehrerin zu werden?<br \/>\n<\/strong>Ich wusste irgendwie immer, dass das mein Weg sein wird. Ich habe schon sehr fr\u00fch eine Liebe f\u00fcr Sprache und Literatur entwickelt. Mein Vater war Schriftsteller und derjenige, der mich in die wunderbare Welt des geschriebenen Wortes einf\u00fchrte, und irgendwann b\u00fcndelten wir unsere kreativen Kr\u00e4fte und ver\u00f6ffentlichten eine gemeinsame Gedichtsammlung f\u00fcr Kinder. Was jedoch das Wichtigste war: W\u00e4hrend meiner Ausbildung entdeckte ich eine weitere gro\u00dfe Liebe in mir, vielleicht die wichtigste f\u00fcr diesen Beruf: die Liebe zum Lehren.<\/p>\n<p><strong>Was gef\u00e4llt Ihnen an der Bosnischen Schule M\u00fcnchen?<\/strong><br \/>\nIch habe mich sehr gefreut zu erfahren, dass es einen Ort gibt, an dem Kinder, die aus unserer Region kommen, mit unserer Sprache in Ber\u00fchrung kommen d\u00fcrfen. Nat\u00fcrlich ist es f\u00fcr Kinder sehr wichtig, neue Sprachen zu lernen, aber es ist auch sehr wichtig, dass sie ihre Muttersprache pflegen, die eines der st\u00e4rksten Merkmale der Identit\u00e4t eines Menschen ist.<\/p>\n<p><strong>Wie sollen die Eltern ihre Kinder motivieren, Zuhause Bosnisch zu sprechen? Was w\u00fcrden Sie den Eltern empfehlen?<br \/>\n<\/strong>Um eine Sprache leichter zu beherrschen, ist es notwendig, sich damit zu \u201eumgeben\u201c. Daher sollten m\u00f6glichst viele Gespr\u00e4che mit dem Kind in der Muttersprache gef\u00fchrt werden, die Eltern sollten diese aber auch untereinander nutzen. Dar\u00fcber hinaus sind Spielfilme, Zeichentrickfilme, Lieder, B\u00fccher, Comics und Bilderb\u00fccher in unserer Sprache sehr gute Hilfsmittel, die Eltern dabei helfen k\u00f6nnen, ihren Kindern unsere Sprache n\u00e4her zu bringen.<\/p>\n","protected":false},"excerpt":{"rendered":"<p>Warum haben Sie sich entschieden, Lehrerin zu werden? Ich wusste irgendwie immer, dass das mein Weg sein wird. Ich habe schon sehr fr\u00fch eine Liebe f\u00fcr Sprache und Literatur entwickelt. Mein Vater war Schriftsteller und derjenige, der mich in die wunderbare Welt des geschriebenen Wortes einf\u00fchrte, und irgendwann b\u00fcndelten wir unsere kreativen Kr\u00e4fte und ver\u00f6ffentlichten<\/p>\n<div class=\"read-more\"><a href=\"https:\/\/bosnische-schule.org\/?page_id=626\" title=\"Read More\">Read More<\/a><\/div>\n","protected":false},"author":1,"featured_media":0,"parent":0,"menu_order":0,"comment_status":"closed","ping_status":"closed","template":"","meta":{"footnotes":""},"class_list":["post-626","page","type-page","status-publish"],"_links":{"self":[{"href":"https:\/\/bosnische-schule.org\/index.php?rest_route=\/wp\/v2\/pages\/626","targetHints":{"allow":["GET"]}}],"collection":[{"href":"https:\/\/bosnische-schule.org\/index.php?rest_route=\/wp\/v2\/pages"}],"about":[{"href":"https:\/\/bosnische-schule.org\/index.php?rest_route=\/wp\/v2\/types\/page"}],"author":[{"embeddable":true,"href":"https:\/\/bosnische-schule.org\/index.php?rest_route=\/wp\/v2\/users\/1"}],"replies":[{"embeddable":true,"href":"https:\/\/bosnische-schule.org\/index.php?rest_route=%2Fwp%2Fv2%2Fcomments&post=626"}],"version-history":[{"count":2,"href":"https:\/\/bosnische-schule.org\/index.php?rest_route=\/wp\/v2\/pages\/626\/revisions"}],"predecessor-version":[{"id":636,"href":"https:\/\/bosnische-schule.org\/index.php?rest_route=\/wp\/v2\/pages\/626\/revisions\/636"}],"wp:attachment":[{"href":"https:\/\/bosnische-schule.org\/index.php?rest_route=%2Fwp%2Fv2%2Fmedia&parent=626"}],"curies":[{"name":"wp","href":"https:\/\/api.w.org\/{rel}","templated":true}]}}