{"id":54,"date":"2023-06-25T11:36:05","date_gmt":"2023-06-25T09:36:05","guid":{"rendered":"https:\/\/bosnische-schule.org\/?page_id=54"},"modified":"2023-07-08T03:24:29","modified_gmt":"2023-07-08T01:24:29","slug":"bosnische-schule","status":"publish","type":"page","link":"https:\/\/bosnische-schule.org\/?page_id=54","title":{"rendered":"Bosnische Schule"},"content":{"rendered":"<p>Bosnisch-herzegowinische Schule M\u00fcnchen e. V.\u00a0 organisiert den muttersprachlichen Erg\u00e4nzungsunterricht (bosnisch\/kroatisch\/serbisch) f\u00fcr interessierte Sch\u00fcler ab I bis zu IX Klasse. Der Unterricht findet in den R\u00e4umlichkeiten der deutschen Schulen statt. Die Genehmigung der Raum\u00fcberlassung sowie die Zusammenarbeit mit dem Schulreferat liegt im Aufgabenbereich des Generalkonsulats von Bosnien und Herzegowina.<\/p>\n<p>Das\u00a0<a href=\"http:\/\/gkbih-muenchen.de\/\" target=\"_blank\" rel=\"noreferrer noopener\">Generalkonsulat von Bosnien und Herzegowina in M\u00fcnchen\u00a0<\/a>organisiert auch einheitliche Lehrb\u00fccher von zust\u00e4ndigen Ministerien in Bosnien und Herzegowina und stellt diese den Sch\u00fclern zur Verf\u00fcgung.<br \/>\n<strong>Adressen der Schulen:<\/strong><\/p>\n<ul>\n<li>Margarethe-Danzi-Str. 17, 80639 M\u00fcnchen- Laim<\/li>\n<li>Simmernstr. 2, 80804 M\u00fcnchen-Schwabing<\/li>\n<li>Bazeillesstra\u00dfe 8 , M\u00fcnchen Au-Haidhausen<\/li>\n<li>S\u00fcdstra\u00dfe 1, 82377 Penzberg<\/li>\n<\/ul>\n","protected":false},"excerpt":{"rendered":"<p>Bosnisch-herzegowinische Schule M\u00fcnchen e. V.\u00a0 organisiert den muttersprachlichen Erg\u00e4nzungsunterricht (bosnisch\/kroatisch\/serbisch) f\u00fcr interessierte Sch\u00fcler ab I bis zu IX Klasse. Der Unterricht findet in den R\u00e4umlichkeiten der deutschen Schulen statt. Die Genehmigung der Raum\u00fcberlassung sowie die Zusammenarbeit mit dem Schulreferat liegt im Aufgabenbereich des Generalkonsulats von Bosnien und Herzegowina. Das\u00a0Generalkonsulat von Bosnien und Herzegowina in M\u00fcnchen\u00a0organisiert<\/p>\n<div class=\"read-more\"><a href=\"https:\/\/bosnische-schule.org\/?page_id=54\" title=\"Read More\">Read More<\/a><\/div>\n","protected":false},"author":1,"featured_media":0,"parent":0,"menu_order":0,"comment_status":"closed","ping_status":"closed","template":"","meta":{"footnotes":""},"class_list":["post-54","page","type-page","status-publish"],"_links":{"self":[{"href":"https:\/\/bosnische-schule.org\/index.php?rest_route=\/wp\/v2\/pages\/54","targetHints":{"allow":["GET"]}}],"collection":[{"href":"https:\/\/bosnische-schule.org\/index.php?rest_route=\/wp\/v2\/pages"}],"about":[{"href":"https:\/\/bosnische-schule.org\/index.php?rest_route=\/wp\/v2\/types\/page"}],"author":[{"embeddable":true,"href":"https:\/\/bosnische-schule.org\/index.php?rest_route=\/wp\/v2\/users\/1"}],"replies":[{"embeddable":true,"href":"https:\/\/bosnische-schule.org\/index.php?rest_route=%2Fwp%2Fv2%2Fcomments&post=54"}],"version-history":[{"count":7,"href":"https:\/\/bosnische-schule.org\/index.php?rest_route=\/wp\/v2\/pages\/54\/revisions"}],"predecessor-version":[{"id":403,"href":"https:\/\/bosnische-schule.org\/index.php?rest_route=\/wp\/v2\/pages\/54\/revisions\/403"}],"wp:attachment":[{"href":"https:\/\/bosnische-schule.org\/index.php?rest_route=%2Fwp%2Fv2%2Fmedia&parent=54"}],"curies":[{"name":"wp","href":"https:\/\/api.w.org\/{rel}","templated":true}]}}