{"id":521,"date":"2024-02-07T21:24:37","date_gmt":"2024-02-07T20:24:37","guid":{"rendered":"https:\/\/bosnische-schule.org\/?page_id=521"},"modified":"2024-02-07T21:30:18","modified_gmt":"2024-02-07T20:30:18","slug":"nasi-junaci-mirza-udvincic","status":"publish","type":"page","link":"https:\/\/bosnische-schule.org\/?page_id=521&lang=bs","title":{"rendered":"Na\u0161i junaci: Mirza Udvin\u010di\u0107"},"content":{"rendered":"<ul>\n<li><strong>Ime i prezime:<\/strong><br \/>\nMirza Udvin\u010di\u0107<\/li>\n<li><strong style=\"font-size: 14px;\">Mjesto boravka u Bosni i Hercegovini:<br \/>\n<\/strong><span style=\"font-size: 14px;\">Grada\u010dac<\/span><\/li>\n<li><strong>Predmetna ili razredna nastava:<\/strong><br \/>\nMatematika i informatika<\/li>\n<li><strong>Uzrast djece\/odjeljenje koje vodite u BH \u0161koli Minhen:<\/strong><br \/>\n1.- 8. razred<\/li>\n<li><strong>Od kada ste u BH \u0160koli Minhen:<\/strong><br \/>\nOktobar 2020<\/li>\n<\/ul>\n<p><strong>Za\u0161to ste se odlu\u010dili postati nastavnik?<\/strong><br \/>\nTokom \u0161kolovanja nisam nikad imao problema sa matematikom, uvijek sam je volio i radovao sam se uvijek \u010dasovima matematike. Pomagao sam i prijateljima u \u0161koli sa matematikom tako da sam na kraju i sam odlu\u010dio studirati taj predmet i prenositi djeci to znanje.<\/p>\n<p><strong>\u010cime biste se rado bavili da niste u prosvjeti?<\/strong><br \/>\nProgramiranjem.<\/p>\n<p><strong>\u0160ta Vam se svi\u0111a u Bosanskoj \u0161koli Minhen?<\/strong><br \/>\nJako mi se svi\u0111a i raduje me \u0161to djeca u\u010de svoj maternji jezik, u\u010de o svojoj domovini, imaju priliku dru\u017eiti se sa djecom porijeklom i Bosne i Hercegovine i to sve \u0107e pridonijeti ja\u010danju veze i ljubavi prema domovini.<\/p>\n<p><strong>Va\u0161a poruka\/savjet roditeljima u\u010denika*ca BH \u0160kole Minhen, kako motivirati svoju djecu da govore kod ku\u0107e bosanski jezik?<br \/>\n<\/strong>Quot linguas calles, tot homines vales \u2013 Koliko jezika zna\u0161, toliko ljudi vrijedi\u0161 \u2013 ka\u017ee stara latinska izreka. To danas vrijedi vi\u0161e nego ikad prije. Osim \u0161to djeca u \u0161koli u\u010de strane jezike jako je bitno i da u\u010de svoj maternji jezik. A po\u0161to djeca rijetko gdje osim u svojoj ku\u0107i mogu koristiti bosanski jezik jako je bitno da se isklju\u010divo on govori u ku\u0107i. Na taj na\u010din \u0107e djeca usavr\u0161iti maternji jezik a i ne\u0107e ga zaboraviti<\/p>\n","protected":false},"excerpt":{"rendered":"<p>Ime i prezime: Mirza Udvin\u010di\u0107 Mjesto boravka u Bosni i Hercegovini: Grada\u010dac Predmetna ili razredna nastava: Matematika i informatika Uzrast djece\/odjeljenje koje vodite u BH \u0161koli Minhen: 1.- 8. razred Od kada ste u BH \u0160koli Minhen: Oktobar 2020 Za\u0161to ste se odlu\u010dili postati nastavnik? Tokom \u0161kolovanja nisam nikad imao problema sa matematikom, uvijek sam<\/p>\n<div class=\"read-more\"><a href=\"https:\/\/bosnische-schule.org\/?page_id=521&#038;lang=bs\" title=\"Read More\">Read More<\/a><\/div>\n","protected":false},"author":1,"featured_media":519,"parent":0,"menu_order":0,"comment_status":"closed","ping_status":"closed","template":"","meta":{"footnotes":""},"class_list":["post-521","page","type-page","status-publish","has-post-thumbnail"],"_links":{"self":[{"href":"https:\/\/bosnische-schule.org\/index.php?rest_route=\/wp\/v2\/pages\/521","targetHints":{"allow":["GET"]}}],"collection":[{"href":"https:\/\/bosnische-schule.org\/index.php?rest_route=\/wp\/v2\/pages"}],"about":[{"href":"https:\/\/bosnische-schule.org\/index.php?rest_route=\/wp\/v2\/types\/page"}],"author":[{"embeddable":true,"href":"https:\/\/bosnische-schule.org\/index.php?rest_route=\/wp\/v2\/users\/1"}],"replies":[{"embeddable":true,"href":"https:\/\/bosnische-schule.org\/index.php?rest_route=%2Fwp%2Fv2%2Fcomments&post=521"}],"version-history":[{"count":3,"href":"https:\/\/bosnische-schule.org\/index.php?rest_route=\/wp\/v2\/pages\/521\/revisions"}],"predecessor-version":[{"id":526,"href":"https:\/\/bosnische-schule.org\/index.php?rest_route=\/wp\/v2\/pages\/521\/revisions\/526"}],"wp:featuredmedia":[{"embeddable":true,"href":"https:\/\/bosnische-schule.org\/index.php?rest_route=\/wp\/v2\/media\/519"}],"wp:attachment":[{"href":"https:\/\/bosnische-schule.org\/index.php?rest_route=%2Fwp%2Fv2%2Fmedia&parent=521"}],"curies":[{"name":"wp","href":"https:\/\/api.w.org\/{rel}","templated":true}]}}