{"id":518,"date":"2024-02-07T21:19:10","date_gmt":"2024-02-07T20:19:10","guid":{"rendered":"https:\/\/bosnische-schule.org\/?page_id=518"},"modified":"2024-02-07T21:30:32","modified_gmt":"2024-02-07T20:30:32","slug":"steckbrief-mirza-udvincic","status":"publish","type":"page","link":"https:\/\/bosnische-schule.org\/?page_id=518","title":{"rendered":"Steckbrief: Mirza Udvin\u010di\u0107"},"content":{"rendered":"<ul>\n<li><strong>Vor- und Nachname:<\/strong><br \/>\nMirza Udvin\u010di\u0107<\/li>\n<li><strong style=\"font-size: 14px;\">Wohnort in Bosnien und Herzegowina:<br \/>\n<\/strong><span style=\"font-size: 14px;\">Grada\u010dac<\/span><\/li>\n<li><strong>Fach- oder Klassenlehrer:<\/strong><br \/>\nMathematik und Informatik<\/li>\n<li><strong>Welche Klassen unterrichten Sie in der Bosnischen Schule::<\/strong><br \/>\n1.-8. Klasse<\/li>\n<li><strong>Seit wann sind Sie in der Bosnischen Schulebesch\u00e4ftigt:<\/strong><br \/>\nSeit Oktober 2020<\/li>\n<\/ul>\n<p><strong>Warum haben Sie sich entschieden, Lehrerin zu werden?<br \/>\n<\/strong>W\u00e4hrend meiner Schulzeit hatte ich nie Probleme mit Mathematik, ich freute mich immer auf Matheunterricht. Ich habe auch meinen Freunden in der Schule in Mathematik geholfen und am Ende habe ich beschlossen, das Fach selbst zu studieren und dieses Wissen an die Kinder weiterzugeben.<\/p>\n<p><strong>Was w\u00fcrden Sie gerne tun, wenn Sie keine Lehrerin sein d\u00fcrften?<br \/>\n<\/strong>Ich w\u00fcrde programmieren.<\/p>\n<p><strong>Was gef\u00e4llt Ihnen an der Bosnischen Schule M\u00fcnchen?<br \/>\n<\/strong>Es freut mich, dass die Kinder ihre Muttersprache lernen, mehr \u00fcber ihre Heimat erfahren, und Freundschaften mit Kindern schlie\u00dfen k\u00f6nnen, deren Eltern auch aus Bosnien und Herzegowina stammen. All dies wird die Liebe und die Bindung zu ihrer Heimat verst\u00e4rken.<\/p>\n<p><strong>Wie sollen die Eltern ihre Kinder motivieren, Zuhause Bosnisch zu sprechen? Was w\u00fcrden Sie den Eltern empfehlen?<\/strong><br \/>\nEs freut mich, dass die Kinder ihre Muttersprache lernen, mehr \u00fcber ihre Heimat erfahren, und Freundschaften mit Kindern schlie\u00dfen k\u00f6nnen, deren Eltern auch aus Bosnien und Herzegowina stammen. All dies wird die Liebe und die Bindung zu ihrer Heimat verst\u00e4rken.<\/p>\n","protected":false},"excerpt":{"rendered":"<p>Vor- und Nachname: Mirza Udvin\u010di\u0107 Wohnort in Bosnien und Herzegowina: Grada\u010dac Fach- oder Klassenlehrer: Mathematik und Informatik Welche Klassen unterrichten Sie in der Bosnischen Schule:: 1.-8. Klasse Seit wann sind Sie in der Bosnischen Schulebesch\u00e4ftigt: Seit Oktober 2020 Warum haben Sie sich entschieden, Lehrerin zu werden? W\u00e4hrend meiner Schulzeit hatte ich nie Probleme mit Mathematik,<\/p>\n<div class=\"read-more\"><a href=\"https:\/\/bosnische-schule.org\/?page_id=518\" title=\"Read More\">Read More<\/a><\/div>\n","protected":false},"author":1,"featured_media":519,"parent":0,"menu_order":0,"comment_status":"closed","ping_status":"closed","template":"","meta":{"footnotes":""},"class_list":["post-518","page","type-page","status-publish","has-post-thumbnail"],"_links":{"self":[{"href":"https:\/\/bosnische-schule.org\/index.php?rest_route=\/wp\/v2\/pages\/518","targetHints":{"allow":["GET"]}}],"collection":[{"href":"https:\/\/bosnische-schule.org\/index.php?rest_route=\/wp\/v2\/pages"}],"about":[{"href":"https:\/\/bosnische-schule.org\/index.php?rest_route=\/wp\/v2\/types\/page"}],"author":[{"embeddable":true,"href":"https:\/\/bosnische-schule.org\/index.php?rest_route=\/wp\/v2\/users\/1"}],"replies":[{"embeddable":true,"href":"https:\/\/bosnische-schule.org\/index.php?rest_route=%2Fwp%2Fv2%2Fcomments&post=518"}],"version-history":[{"count":2,"href":"https:\/\/bosnische-schule.org\/index.php?rest_route=\/wp\/v2\/pages\/518\/revisions"}],"predecessor-version":[{"id":527,"href":"https:\/\/bosnische-schule.org\/index.php?rest_route=\/wp\/v2\/pages\/518\/revisions\/527"}],"wp:featuredmedia":[{"embeddable":true,"href":"https:\/\/bosnische-schule.org\/index.php?rest_route=\/wp\/v2\/media\/519"}],"wp:attachment":[{"href":"https:\/\/bosnische-schule.org\/index.php?rest_route=%2Fwp%2Fv2%2Fmedia&parent=518"}],"curies":[{"name":"wp","href":"https:\/\/api.w.org\/{rel}","templated":true}]}}