{"id":509,"date":"2024-02-07T21:00:19","date_gmt":"2024-02-07T20:00:19","guid":{"rendered":"https:\/\/bosnische-schule.org\/?page_id=509"},"modified":"2024-02-07T21:35:49","modified_gmt":"2024-02-07T20:35:49","slug":"nasi-junaci-selma-fadzan","status":"publish","type":"page","link":"https:\/\/bosnische-schule.org\/?page_id=509&lang=bs","title":{"rendered":"Na\u0161i junaci: Selma Fad\u017ean"},"content":{"rendered":"<ul>\n<li><strong>Prezime i ime:<\/strong><br \/>\nSelma Fad\u017ean<\/li>\n<li><strong style=\"font-size: 14px;\">Mjesto boravka u Bosni i Hercegovini:<br \/>\n<\/strong><span style=\"font-size: 14px;\">Porijeklom iz posavskog grada Od\u017eaka, a udala sam se u Duvno.<\/span><\/li>\n<li><strong>Predmetna ili razredna nastava:<\/strong><br \/>\nProfesor razredne nastave<\/li>\n<li><strong>Uzrast djece\/odjeljenje koje vodite u BH \u0161koli Minhen:<\/strong><br \/>\n1-6<\/li>\n<li><strong>Od kada ste u BH \u0160koli Minhen:<\/strong><br \/>\nOktobar 2022<\/li>\n<\/ul>\n<p><strong>Za\u0161to ste se odlu\u010dili postati nastavnica?<\/strong><br \/>\nMoja primarna odluka nije bila razredna nastava, nego ne\u0161to sasvim drugo (menad\u017ement). Me\u0111utim, na nagovor najbli\u017eih, krenula sam putem prosvjete i nisam se pokajala.<\/p>\n<p><strong>\u010cime biste se rado bavili da niste u prosvjeti?<\/strong><br \/>\nJako dugo sam u\u010diteljica i mislim da je to ono \u0161to me ispunjava. To je poziv gdje si vje\u010dno mlad, gdje svoju kreativnost i slobodu mo\u017ee\u0161 iskazati kroz rad s djecom, tako da nisam razmi\u0161ljala o drugim &#8222;snovima&#8220;.<\/p>\n<p><strong>\u0160ta Vam se svi\u0111a u Bosanskoj \u0161koli Minhen?<\/strong><br \/>\nU\u010denici su razli\u010dite starosne dobi \u0161to je veliki izazov za u\u010ditelja- kako animirati djecu da s rado\u0161\u0107u dolaze na nastavu. Bosanska \u0161kola Minhen je dopunska nastava i zbog toga pru\u017ea vi\u0161e slobode u realizaciji nastavnog procesa koji je zanimljiviji u\u010denicima. Vi\u0161e pa\u017enje se posve\u0107uje kulturi, tradiciji i obi\u010dajima naroda u BiH. Radi se u pozitivnom okru\u017eenju gdje, osim u\u010ditelja u prvim redovima, iza kulise je i cijeli tim ljudi koji su spremni pomo\u0107i.<\/p>\n<p><strong>Va\u0161a poruka\/savjet roditeljima u\u010denika*ca BH \u0160kole Minhen, kako motivirati svoju djecu da govore kod ku\u0107e bosanski jezik?<br \/>\n<\/strong>Prije svega, roditelji su ti koji trebaju kod ku\u0107e govoriti maternjim jezikom kako bi i djeca uvidjela da je o\u010duvanje jezika i dijalekta vi\u0161e nego dragocjeno. Taj proces je dugotrajan i iziskuje mnogo truda i strpljenja. Osim uloge roditelja, uveliko poma\u017eu i drugi oblici komunikacije, kao npr.serije i filmovi za djecu, ilustrovane knjige, udru\u017eenja sa istog govornog podru\u010dja itd. Tako\u0111e je bitan kontakt sa \u010dlanovima porodice i rodbine u domovini kako bi djeca uspostavila \u010dvrste veze i, znaju\u0107i da su fizi\u010dki udaljeni, izgrade mjesto kojemu pripadaju i gdje su uvijek dobrodo\u0161li.<\/p>\n","protected":false},"excerpt":{"rendered":"<p>Prezime i ime: Selma Fad\u017ean Mjesto boravka u Bosni i Hercegovini: Porijeklom iz posavskog grada Od\u017eaka, a udala sam se u Duvno. Predmetna ili razredna nastava: Profesor razredne nastave Uzrast djece\/odjeljenje koje vodite u BH \u0161koli Minhen: 1-6 Od kada ste u BH \u0160koli Minhen: Oktobar 2022 Za\u0161to ste se odlu\u010dili postati nastavnica? Moja primarna<\/p>\n<div class=\"read-more\"><a href=\"https:\/\/bosnische-schule.org\/?page_id=509&#038;lang=bs\" title=\"Read More\">Read More<\/a><\/div>\n","protected":false},"author":1,"featured_media":528,"parent":0,"menu_order":0,"comment_status":"closed","ping_status":"closed","template":"","meta":{"footnotes":""},"class_list":["post-509","page","type-page","status-publish","has-post-thumbnail"],"_links":{"self":[{"href":"https:\/\/bosnische-schule.org\/index.php?rest_route=\/wp\/v2\/pages\/509","targetHints":{"allow":["GET"]}}],"collection":[{"href":"https:\/\/bosnische-schule.org\/index.php?rest_route=\/wp\/v2\/pages"}],"about":[{"href":"https:\/\/bosnische-schule.org\/index.php?rest_route=\/wp\/v2\/types\/page"}],"author":[{"embeddable":true,"href":"https:\/\/bosnische-schule.org\/index.php?rest_route=\/wp\/v2\/users\/1"}],"replies":[{"embeddable":true,"href":"https:\/\/bosnische-schule.org\/index.php?rest_route=%2Fwp%2Fv2%2Fcomments&post=509"}],"version-history":[{"count":5,"href":"https:\/\/bosnische-schule.org\/index.php?rest_route=\/wp\/v2\/pages\/509\/revisions"}],"predecessor-version":[{"id":529,"href":"https:\/\/bosnische-schule.org\/index.php?rest_route=\/wp\/v2\/pages\/509\/revisions\/529"}],"wp:featuredmedia":[{"embeddable":true,"href":"https:\/\/bosnische-schule.org\/index.php?rest_route=\/wp\/v2\/media\/528"}],"wp:attachment":[{"href":"https:\/\/bosnische-schule.org\/index.php?rest_route=%2Fwp%2Fv2%2Fmedia&parent=509"}],"curies":[{"name":"wp","href":"https:\/\/api.w.org\/{rel}","templated":true}]}}