{"id":503,"date":"2024-02-07T20:56:42","date_gmt":"2024-02-07T19:56:42","guid":{"rendered":"https:\/\/bosnische-schule.org\/?page_id=503"},"modified":"2024-02-07T21:36:14","modified_gmt":"2024-02-07T20:36:14","slug":"steckbrief-selma-fadzan","status":"publish","type":"page","link":"https:\/\/bosnische-schule.org\/?page_id=503","title":{"rendered":"Steckbrief: Selma Fad\u017ean"},"content":{"rendered":"<ul>\n<li><strong>Vor- und Nachname:<\/strong><br \/>\nSelma Fad\u017ean<\/li>\n<li><strong style=\"font-size: 14px;\">Wohnort in Bosnien und Herzegowina:<br \/>\n<\/strong><span style=\"font-size: 14px;\">Urspr\u00fcnglich aus der Stadt Od\u017eak in der Region Posavina, jetzt verheiratet und lebend in Duvno.<\/span><\/li>\n<li><strong>Fach- oder Klassenlehrer:<\/strong><br \/>\nKlassenlehrerin<\/li>\n<li><strong>Welche Klassen unterrichten Sie in der Bosnischen Schule::<\/strong><br \/>\n1.-6. Klasse<\/li>\n<li><strong>Seit wann sind Sie in der Bosnischen Schulebesch\u00e4ftigt:<\/strong><br \/>\nOktober 2022<\/li>\n<\/ul>\n<p><strong>Warum haben Sie sich entschieden, Lehrerin zu werden?<br \/>\n<\/strong>Meine urspr\u00fcngliche Entscheidung lag nicht im Bereich der Klassenleitung, sondern in etwas ganz anderem (Management). Auf Anraten meiner engsten Vertrauten habe ich mich f\u00fcr das Unterrichten entschieden und habe es nicht bereut.<\/p>\n<p><strong>Was w\u00fcrden Sie gerne tun, wenn Sie keine Lehrerin sein d\u00fcrften?<br \/>\n<\/strong>Ich bin schon sehr lange Lehrerin und ich denke, das ist das, was mich erf\u00fcllt. Es ist ein Beruf, bei dem man immer jung bleibt, bei dem man seine Kreativit\u00e4t und Freiheit durch die Arbeit mit Kindern ausdr\u00fccken kann. Daher habe ich nicht \u00fcber andere &#8222;Tr\u00e4ume&#8220; nachgedacht.<\/p>\n<p><strong>Was gef\u00e4llt Ihnen an der Bosnischen Schule M\u00fcnchen?<br \/>\n<\/strong>Die Sch\u00fcler*innen sind verschiedenen Alters, was eine gro\u00dfe Herausforderung f\u00fcr die Lehrerin darstellt, um die Kinder dazu zu motivieren, mit Freude zum Unterricht zu kommen. Die Bosnische Schule M\u00fcnchen ist eine erg\u00e4nzende Schule und bietet daher mehr Freiheit bei der Umsetzung des Unterrichtsprozesses, der f\u00fcr die Sch\u00fcler*innen interessanter ist. Es wird mehr Aufmerksamkeit der Kultur, der Tradition und den Br\u00e4uchen des Volkes in Bosnien und Herzegowina gelegt. Es herrscht eine positive Atmosph\u00e4re, in der nicht nur die Lehrer*innen in den vorderen Reihen viel tun . Hinter den Kulissen ist ein Organisationsteam, das jederzeit bereit ist, zu helfen.<\/p>\n<p><strong>Wie sollen die Eltern ihre Kinder motivieren, Zuhause Bosnisch zu sprechen? Was w\u00fcrden Sie den Eltern empfehlen?<\/strong><br \/>\nVor allem sollten Eltern zu Hause die Muttersprache sprechen, damit die Kinder erkennen, dass die Bewahrung der Sprache und des Dialekts von unsch\u00e4tzbarem Wert ist. Dieser Prozess ist langwierig und erfordert viel M\u00fche und Geduld. Neben der Rolle der Eltern helfen auch noch andere Kommunikationsmittel, wie z. B. Kinderfilme und -serien, Zeitschriften, B\u00fccher, Vereine aus derselben Sprachregion usw. Es ist auch wichtig, Kontakt zu Familienmitgliedern und Verwandten im Heimatland zu halten, damit die Kinder feste Bindungen aufbauen k\u00f6nnen. Obwohl sie physisch entfernt sind, sollten sie wissen, dass es diese Heimat gibt, zu der sie geh\u00f6ren und in der sie immer willkommen sind.<\/p>\n","protected":false},"excerpt":{"rendered":"<p>Vor- und Nachname: Selma Fad\u017ean Wohnort in Bosnien und Herzegowina: Urspr\u00fcnglich aus der Stadt Od\u017eak in der Region Posavina, jetzt verheiratet und lebend in Duvno. Fach- oder Klassenlehrer: Klassenlehrerin Welche Klassen unterrichten Sie in der Bosnischen Schule:: 1.-6. Klasse Seit wann sind Sie in der Bosnischen Schulebesch\u00e4ftigt: Oktober 2022 Warum haben Sie sich entschieden, Lehrerin<\/p>\n<div class=\"read-more\"><a href=\"https:\/\/bosnische-schule.org\/?page_id=503\" title=\"Read More\">Read More<\/a><\/div>\n","protected":false},"author":1,"featured_media":528,"parent":0,"menu_order":0,"comment_status":"closed","ping_status":"closed","template":"","meta":{"footnotes":""},"class_list":["post-503","page","type-page","status-publish","has-post-thumbnail"],"_links":{"self":[{"href":"https:\/\/bosnische-schule.org\/index.php?rest_route=\/wp\/v2\/pages\/503","targetHints":{"allow":["GET"]}}],"collection":[{"href":"https:\/\/bosnische-schule.org\/index.php?rest_route=\/wp\/v2\/pages"}],"about":[{"href":"https:\/\/bosnische-schule.org\/index.php?rest_route=\/wp\/v2\/types\/page"}],"author":[{"embeddable":true,"href":"https:\/\/bosnische-schule.org\/index.php?rest_route=\/wp\/v2\/users\/1"}],"replies":[{"embeddable":true,"href":"https:\/\/bosnische-schule.org\/index.php?rest_route=%2Fwp%2Fv2%2Fcomments&post=503"}],"version-history":[{"count":7,"href":"https:\/\/bosnische-schule.org\/index.php?rest_route=\/wp\/v2\/pages\/503\/revisions"}],"predecessor-version":[{"id":531,"href":"https:\/\/bosnische-schule.org\/index.php?rest_route=\/wp\/v2\/pages\/503\/revisions\/531"}],"wp:featuredmedia":[{"embeddable":true,"href":"https:\/\/bosnische-schule.org\/index.php?rest_route=\/wp\/v2\/media\/528"}],"wp:attachment":[{"href":"https:\/\/bosnische-schule.org\/index.php?rest_route=%2Fwp%2Fv2%2Fmedia&parent=503"}],"curies":[{"name":"wp","href":"https:\/\/api.w.org\/{rel}","templated":true}]}}