{"id":49,"date":"2023-06-25T11:04:47","date_gmt":"2023-06-25T09:04:47","guid":{"rendered":"https:\/\/bosnische-schule.org\/?page_id=49"},"modified":"2023-07-04T20:52:28","modified_gmt":"2023-07-04T18:52:28","slug":"o-nama","status":"publish","type":"page","link":"https:\/\/bosnische-schule.org\/?page_id=49&lang=bs","title":{"rendered":"O nama"},"content":{"rendered":"\n<p>Bosanskohercegova\u010dka \u0161kola Minhen je neprofitno udru\u017eenje sa sjedi\u0161tem u Minhenu, u Bavarskoj. Misija Udru\u017eenja se zasniva na promociji me\u0111unarodnog razvoja i saradnje u svim oblastima kulture kao i promociji me\u0111unarodnog razumijevanja i tolerancije izme\u0111u Bosne i Hercegovine i SR Njema\u010dke.<br><br>Primarni cilj udru\u017eenja je o\u010duvanje kulture i tradicije Bosne i Hercegovine kao i o\u010duvanje i kori\u0161tenje maternjeg jezika. Jedan od na\u010dina ostvarivanja i postizanja navedenog cilja se ogleda i u organizaciji konzularne dopunske nastave na maternjem jeziku (bosanski\/srpski\/hrvatski) za djecu osnovno\u0161kolskog uzrasta u Minhenu, a i \u0161ire, u granicama Bavarske. Na ovaj na\u010din Udru\u017eenje podr\u017eava jezi\u010dku raznolikost Bavarske. Kroz organiziranje i izvo\u0111enje nastavnih i sportskih sadr\u017eaja kao i drugih doga\u0111aja na kojima \u0107e biti prilika da se djeca i mladi susre\u0107u sa razli\u010ditim kulturama i tradicijama drugih naroda bit \u0107e osiguran doprinos boljem me\u0111usobnom razumijevanju i toleranciji.<br><br>Tako\u0111er, kroz organiziranje razli\u010ditih predavanja, promocija knjiga, prire\u0111ivanje izlo\u017ebi, organiziranje kulturnih doga\u0111aja, pozori\u0161nih predstava, koncerata, kreativnih radionica i sl. bi dodatno unaprijedili promociju kulture dijaloga, razumijevanja i tolerancije.<\/p>\n\n\n\n<p><\/p>\n","protected":false},"excerpt":{"rendered":"<p>Bosanskohercegova\u010dka \u0161kola Minhen je neprofitno udru\u017eenje sa sjedi\u0161tem u Minhenu, u Bavarskoj. Misija Udru\u017eenja se zasniva na promociji me\u0111unarodnog razvoja i saradnje u svim oblastima kulture kao i promociji me\u0111unarodnog razumijevanja i tolerancije izme\u0111u Bosne i Hercegovine i SR Njema\u010dke. Primarni cilj udru\u017eenja je o\u010duvanje kulture i tradicije Bosne i Hercegovine kao i o\u010duvanje i<\/p>\n<div class=\"read-more\"><a href=\"https:\/\/bosnische-schule.org\/?page_id=49&#038;lang=bs\" title=\"Read More\">Read More<\/a><\/div>\n","protected":false},"author":1,"featured_media":0,"parent":0,"menu_order":0,"comment_status":"closed","ping_status":"closed","template":"","meta":{"footnotes":""},"class_list":["post-49","page","type-page","status-publish"],"_links":{"self":[{"href":"https:\/\/bosnische-schule.org\/index.php?rest_route=\/wp\/v2\/pages\/49","targetHints":{"allow":["GET"]}}],"collection":[{"href":"https:\/\/bosnische-schule.org\/index.php?rest_route=\/wp\/v2\/pages"}],"about":[{"href":"https:\/\/bosnische-schule.org\/index.php?rest_route=\/wp\/v2\/types\/page"}],"author":[{"embeddable":true,"href":"https:\/\/bosnische-schule.org\/index.php?rest_route=\/wp\/v2\/users\/1"}],"replies":[{"embeddable":true,"href":"https:\/\/bosnische-schule.org\/index.php?rest_route=%2Fwp%2Fv2%2Fcomments&post=49"}],"version-history":[{"count":4,"href":"https:\/\/bosnische-schule.org\/index.php?rest_route=\/wp\/v2\/pages\/49\/revisions"}],"predecessor-version":[{"id":180,"href":"https:\/\/bosnische-schule.org\/index.php?rest_route=\/wp\/v2\/pages\/49\/revisions\/180"}],"wp:attachment":[{"href":"https:\/\/bosnische-schule.org\/index.php?rest_route=%2Fwp%2Fv2%2Fmedia&parent=49"}],"curies":[{"name":"wp","href":"https:\/\/api.w.org\/{rel}","templated":true}]}}