{"id":181,"date":"2023-07-04T20:53:15","date_gmt":"2023-07-04T18:53:15","guid":{"rendered":"https:\/\/bosnische-schule.org\/?page_id=181"},"modified":"2023-07-04T20:53:16","modified_gmt":"2023-07-04T18:53:16","slug":"ueber-uns","status":"publish","type":"page","link":"https:\/\/bosnische-schule.org\/?page_id=181","title":{"rendered":"\u00dcber uns"},"content":{"rendered":"\n<p>Bosnisch-herzegowinische Schule M\u00fcnchen e. V. ist ein gemeinn\u00fctziger Verein, der die F\u00f6rderung internationaler Gesinnung, der Toleranz auf allen Gebieten der Kultur und des V\u00f6lkerverst\u00e4ndigungsgedankens unterst\u00fctzt. Ziel des Vereines ist die Erhaltung und Pflege der bosnischen Sprache. Dies erreichen wir durch die Organisation des konsularischen muttersprachlichen Erg\u00e4nzungsunterrichts (bosnisch\/kroatisch\/serbisch) in M\u00fcnchen\/Bayern. Damit unterst\u00fctzt der Verein Bayerns sprachliche Vielfalt.<br><br>Wie wollen wir die F\u00f6rderung internationaler Gesinnung erreichen?<br>Durch Organisation und Durchf\u00fchrung von Schul- und Sportfesten, bei denen Treffen von Sch\u00fclern und Sch\u00fclerinnen unterschiedlicher Nationalit\u00e4ten erm\u00f6glicht werden und somit ein Beitrag zum besseren gegenseitigen Verst\u00e4ndnis geleistet wird.<br><br>Durch Organisation und Durchf\u00fchrung von Vortr\u00e4gen, Buchvorstellungen, kreativen Workshops, Ausstellungen, kulturellen Veranstaltungen und Auff\u00fchrungen zur zus\u00e4tzlichen F\u00f6rderung des bosnisch-deutschen Kulturdialogs.<\/p>\n","protected":false},"excerpt":{"rendered":"<p>Bosnisch-herzegowinische Schule M\u00fcnchen e. V. ist ein gemeinn\u00fctziger Verein, der die F\u00f6rderung internationaler Gesinnung, der Toleranz auf allen Gebieten der Kultur und des V\u00f6lkerverst\u00e4ndigungsgedankens unterst\u00fctzt. Ziel des Vereines ist die Erhaltung und Pflege der bosnischen Sprache. Dies erreichen wir durch die Organisation des konsularischen muttersprachlichen Erg\u00e4nzungsunterrichts (bosnisch\/kroatisch\/serbisch) in M\u00fcnchen\/Bayern. Damit unterst\u00fctzt der Verein Bayerns sprachliche<\/p>\n<div class=\"read-more\"><a href=\"https:\/\/bosnische-schule.org\/?page_id=181\" title=\"Read More\">Read More<\/a><\/div>\n","protected":false},"author":1,"featured_media":0,"parent":0,"menu_order":0,"comment_status":"closed","ping_status":"closed","template":"","meta":{"footnotes":""},"class_list":["post-181","page","type-page","status-publish"],"_links":{"self":[{"href":"https:\/\/bosnische-schule.org\/index.php?rest_route=\/wp\/v2\/pages\/181","targetHints":{"allow":["GET"]}}],"collection":[{"href":"https:\/\/bosnische-schule.org\/index.php?rest_route=\/wp\/v2\/pages"}],"about":[{"href":"https:\/\/bosnische-schule.org\/index.php?rest_route=\/wp\/v2\/types\/page"}],"author":[{"embeddable":true,"href":"https:\/\/bosnische-schule.org\/index.php?rest_route=\/wp\/v2\/users\/1"}],"replies":[{"embeddable":true,"href":"https:\/\/bosnische-schule.org\/index.php?rest_route=%2Fwp%2Fv2%2Fcomments&post=181"}],"version-history":[{"count":1,"href":"https:\/\/bosnische-schule.org\/index.php?rest_route=\/wp\/v2\/pages\/181\/revisions"}],"predecessor-version":[{"id":182,"href":"https:\/\/bosnische-schule.org\/index.php?rest_route=\/wp\/v2\/pages\/181\/revisions\/182"}],"wp:attachment":[{"href":"https:\/\/bosnische-schule.org\/index.php?rest_route=%2Fwp%2Fv2%2Fmedia&parent=181"}],"curies":[{"name":"wp","href":"https:\/\/api.w.org\/{rel}","templated":true}]}}