{"id":155,"date":"2023-07-04T20:20:29","date_gmt":"2023-07-04T18:20:29","guid":{"rendered":"https:\/\/bosnische-schule.org\/?page_id=155"},"modified":"2023-07-08T03:23:17","modified_gmt":"2023-07-08T01:23:17","slug":"bosanska-skola-2","status":"publish","type":"page","link":"https:\/\/bosnische-schule.org\/?page_id=155&lang=bs","title":{"rendered":"Bosanska \u0161kola"},"content":{"rendered":"<p>Udru\u017eenje Bosanskohercegova\u010dka \u0161kola Minhen u okviru svojih aktivnosti organizira konzularnu dopunsku nastavu na maternjem jeziku (bosanski\/srpski\/hrvatski) za sve zainteresirane u\u010denike od prvog do devetog razreda osnovne \u0161kole.<\/p>\n<p>Dopunska nastava na maternjem jeziku se odvija prema planu, programu i ud\u017ebenicima za dopunsku nastavu nadle\u017enog Ministarstva civilnih poslova Bosne i Hercegovine, a izvodi je profesionalni nastavni kadar. Odr\u017eava se u prostorijama redovnih njema\u010dkih \u0161kola, a organizacija tih prostorija je u nadle\u017enosti\u00a0<a href=\"http:\/\/gkbih-muenchen.de\/\" target=\"_blank\" rel=\"noreferrer noopener\">Generalnog konzulata Bosne i Hercegovine u Minhenu.<\/a><\/p>\n<p>Dragi roditelji, dragi u\u010denici i u\u010denice, dragi ljubitelji bosanskohercegova\u010dke kulture i jezika, ukoliko ste zainteresovani za gore navedeni program na\u0161e Bosanske \u0161kole Minhen, molimo Vas da popunite\u00a0prijavu\u00a0u prilogu i\/ili da nas kontaktirate putem\u00a0E-maila.<\/p>\n<p>Ovim putem srda\u010dno pozivamo i stru\u010dni nastavni kadar da nam se javi kratkom biografijom na<br \/>\nE-mail u slu\u010daju da postoji interesovanje za zajedni\u010dki rad i saradnju s na\u0161im Udru\u017eenjem Bosanskohercegova\u010dka \u0161kola Minhen.<\/p>\n<p><strong>Adrese \u0161kola:<\/strong><\/p>\n<ul>\n<li>Margarethe-Danzi-Str. 17, 80639 M\u00fcnchen- Laim<\/li>\n<li>Simmernstr. 2, 80804 M\u00fcnchen-Schwabing<\/li>\n<li>Bazeillesstra\u00dfe 8 , M\u00fcnchen Au-Haidhausen<\/li>\n<li>S\u00fcdstra\u00dfe 1, 82377 Penzberg<\/li>\n<\/ul>\n","protected":false},"excerpt":{"rendered":"<p>Udru\u017eenje Bosanskohercegova\u010dka \u0161kola Minhen u okviru svojih aktivnosti organizira konzularnu dopunsku nastavu na maternjem jeziku (bosanski\/srpski\/hrvatski) za sve zainteresirane u\u010denike od prvog do devetog razreda osnovne \u0161kole. Dopunska nastava na maternjem jeziku se odvija prema planu, programu i ud\u017ebenicima za dopunsku nastavu nadle\u017enog Ministarstva civilnih poslova Bosne i Hercegovine, a izvodi je profesionalni nastavni kadar.<\/p>\n<div class=\"read-more\"><a href=\"https:\/\/bosnische-schule.org\/?page_id=155&#038;lang=bs\" title=\"Read More\">Read More<\/a><\/div>\n","protected":false},"author":1,"featured_media":0,"parent":0,"menu_order":0,"comment_status":"closed","ping_status":"closed","template":"","meta":{"footnotes":""},"class_list":["post-155","page","type-page","status-publish"],"_links":{"self":[{"href":"https:\/\/bosnische-schule.org\/index.php?rest_route=\/wp\/v2\/pages\/155","targetHints":{"allow":["GET"]}}],"collection":[{"href":"https:\/\/bosnische-schule.org\/index.php?rest_route=\/wp\/v2\/pages"}],"about":[{"href":"https:\/\/bosnische-schule.org\/index.php?rest_route=\/wp\/v2\/types\/page"}],"author":[{"embeddable":true,"href":"https:\/\/bosnische-schule.org\/index.php?rest_route=\/wp\/v2\/users\/1"}],"replies":[{"embeddable":true,"href":"https:\/\/bosnische-schule.org\/index.php?rest_route=%2Fwp%2Fv2%2Fcomments&post=155"}],"version-history":[{"count":7,"href":"https:\/\/bosnische-schule.org\/index.php?rest_route=\/wp\/v2\/pages\/155\/revisions"}],"predecessor-version":[{"id":401,"href":"https:\/\/bosnische-schule.org\/index.php?rest_route=\/wp\/v2\/pages\/155\/revisions\/401"}],"wp:attachment":[{"href":"https:\/\/bosnische-schule.org\/index.php?rest_route=%2Fwp%2Fv2%2Fmedia&parent=155"}],"curies":[{"name":"wp","href":"https:\/\/api.w.org\/{rel}","templated":true}]}}