{"id":112,"date":"2023-06-25T13:55:31","date_gmt":"2023-06-25T11:55:31","guid":{"rendered":"https:\/\/bosnische-schule.org\/?page_id=112"},"modified":"2025-02-12T23:09:47","modified_gmt":"2025-02-12T22:09:47","slug":"kontakt-2","status":"publish","type":"page","link":"https:\/\/bosnische-schule.org\/?page_id=112&lang=bs","title":{"rendered":"Kontakt"},"content":{"rendered":"\r\n\r\n\r\n<p><strong><a href=\"mailto:info@bosnische-schule.org\" target=\"_blank\" rel=\"noreferrer noopener\">info@bosnische-schule.org<\/a><\/strong><br \/><br \/>Po\u0161tanska adresa:<br \/>MORGEN e.V., Netzwerk M\u00fcnchner Migrant*innenorganisationen<br \/>Arnulfstra\u00dfe 197, 2. Stock (c\/o Bosnisch-herzegowinische Schule)<br \/>80634 M\u00fcnchen<br \/><br \/>Predsjedni\u0161tvo:<br \/><strong>Suada Konjhod\u017ei\u0107<\/strong>, predsjednica udru\u017eenja<br \/><strong>Anisa Mujd\u017ei\u0107<\/strong>, 1. zamjenica predsjednice<br \/><strong>Lamija Dilaver<\/strong>, 2. zamjenica predsjednice<\/p>\r\n","protected":false},"excerpt":{"rendered":"<p>info@bosnische-schule.org Po\u0161tanska adresa:MORGEN e.V., Netzwerk M\u00fcnchner Migrant*innenorganisationenArnulfstra\u00dfe 197, 2. Stock (c\/o Bosnisch-herzegowinische Schule)80634 M\u00fcnchen Predsjedni\u0161tvo:Suada Konjhod\u017ei\u0107, predsjednica udru\u017eenjaAnisa Mujd\u017ei\u0107, 1. zamjenica predsjedniceLamija Dilaver, 2. zamjenica predsjednice<\/p>\n","protected":false},"author":1,"featured_media":0,"parent":0,"menu_order":0,"comment_status":"closed","ping_status":"closed","template":"","meta":{"footnotes":""},"class_list":["post-112","page","type-page","status-publish"],"_links":{"self":[{"href":"https:\/\/bosnische-schule.org\/index.php?rest_route=\/wp\/v2\/pages\/112","targetHints":{"allow":["GET"]}}],"collection":[{"href":"https:\/\/bosnische-schule.org\/index.php?rest_route=\/wp\/v2\/pages"}],"about":[{"href":"https:\/\/bosnische-schule.org\/index.php?rest_route=\/wp\/v2\/types\/page"}],"author":[{"embeddable":true,"href":"https:\/\/bosnische-schule.org\/index.php?rest_route=\/wp\/v2\/users\/1"}],"replies":[{"embeddable":true,"href":"https:\/\/bosnische-schule.org\/index.php?rest_route=%2Fwp%2Fv2%2Fcomments&post=112"}],"version-history":[{"count":4,"href":"https:\/\/bosnische-schule.org\/index.php?rest_route=\/wp\/v2\/pages\/112\/revisions"}],"predecessor-version":[{"id":564,"href":"https:\/\/bosnische-schule.org\/index.php?rest_route=\/wp\/v2\/pages\/112\/revisions\/564"}],"wp:attachment":[{"href":"https:\/\/bosnische-schule.org\/index.php?rest_route=%2Fwp%2Fv2%2Fmedia&parent=112"}],"curies":[{"name":"wp","href":"https:\/\/api.w.org\/{rel}","templated":true}]}}