{"id":110,"date":"2023-06-25T13:54:01","date_gmt":"2023-06-25T11:54:01","guid":{"rendered":"https:\/\/bosnische-schule.org\/?page_id=110"},"modified":"2023-07-04T20:33:07","modified_gmt":"2023-07-04T18:33:07","slug":"gendernote-2","status":"publish","type":"page","link":"https:\/\/bosnische-schule.org\/?page_id=110&lang=bs","title":{"rendered":"Gendernote"},"content":{"rendered":"\n<p>Pridajemo veliku va\u017enost jednakom tretmanu \u017eena i mu\u0161karaca. Da bismo na\u0161e tekstove u\u010dinili lak\u0161ima za \u010ditanje, uglavnom koristimo mu\u0161ki pravopis. Na primjer, pi\u0161emo \u201eu\u010denici\u201c, ali mislimo na \u201eu\u010denice i u\u010denici\u201c i svakoga ko se ne \u017eeli dodijeliti rodu. Izri\u010dito isti\u010demo da je svaki pojam naravno namijenjen i suprotnom polu.<\/p>\n","protected":false},"excerpt":{"rendered":"<p>Pridajemo veliku va\u017enost jednakom tretmanu \u017eena i mu\u0161karaca. Da bismo na\u0161e tekstove u\u010dinili lak\u0161ima za \u010ditanje, uglavnom koristimo mu\u0161ki pravopis. Na primjer, pi\u0161emo \u201eu\u010denici\u201c, ali mislimo na \u201eu\u010denice i u\u010denici\u201c i svakoga ko se ne \u017eeli dodijeliti rodu. Izri\u010dito isti\u010demo da je svaki pojam naravno namijenjen i suprotnom polu.<\/p>\n","protected":false},"author":1,"featured_media":0,"parent":0,"menu_order":0,"comment_status":"closed","ping_status":"closed","template":"","meta":{"footnotes":""},"class_list":["post-110","page","type-page","status-publish"],"_links":{"self":[{"href":"https:\/\/bosnische-schule.org\/index.php?rest_route=\/wp\/v2\/pages\/110","targetHints":{"allow":["GET"]}}],"collection":[{"href":"https:\/\/bosnische-schule.org\/index.php?rest_route=\/wp\/v2\/pages"}],"about":[{"href":"https:\/\/bosnische-schule.org\/index.php?rest_route=\/wp\/v2\/types\/page"}],"author":[{"embeddable":true,"href":"https:\/\/bosnische-schule.org\/index.php?rest_route=\/wp\/v2\/users\/1"}],"replies":[{"embeddable":true,"href":"https:\/\/bosnische-schule.org\/index.php?rest_route=%2Fwp%2Fv2%2Fcomments&post=110"}],"version-history":[{"count":1,"href":"https:\/\/bosnische-schule.org\/index.php?rest_route=\/wp\/v2\/pages\/110\/revisions"}],"predecessor-version":[{"id":111,"href":"https:\/\/bosnische-schule.org\/index.php?rest_route=\/wp\/v2\/pages\/110\/revisions\/111"}],"wp:attachment":[{"href":"https:\/\/bosnische-schule.org\/index.php?rest_route=%2Fwp%2Fv2%2Fmedia&parent=110"}],"curies":[{"name":"wp","href":"https:\/\/api.w.org\/{rel}","templated":true}]}}