{"id":107,"date":"2023-06-25T13:52:36","date_gmt":"2023-06-25T11:52:36","guid":{"rendered":"https:\/\/bosnische-schule.org\/?page_id=107"},"modified":"2023-07-04T20:46:00","modified_gmt":"2023-07-04T18:46:00","slug":"konkurs","status":"publish","type":"page","link":"https:\/\/bosnische-schule.org\/?page_id=107&lang=bs","title":{"rendered":"Konkurs"},"content":{"rendered":"\n<h2 class=\"wp-block-heading\">Konkurs za nastavnika\/nastavnicu \u2013 u\u010ditelja\/u\u010diteljicu<\/h2>\n\n\n\n<p>Obavje\u0161tavamo da je udru\u017eenje \u201cBosanskohercegova\u00f6ka \u0161kola Minhen\u201d u saradnji sa Generalnim konzulatom BiH u Minhenu raspisalo konkurs za nastavnika\/nastavnicu za izvo\u0111enje dopunske nastave na maternjem jeziku u Minhenu.<br><br>Nastava na maternjem jeziku se odvija prema planu, programu i ud\u017ebenicima za dopunsku nastavu nadle\u017enog Ministarstva civilnih poslova Bosne i Hercegovine za u\u010denike od 1. do 8.\/9. razreda. Odr\u017eava se u prostorijama redovnih njema\u010dkih skola, jednom sedmi\u010dno po dva \u0161kolska \u010dasa.<br><br>Uslovi: VSS odgovaraju\u0107eg pedago\u0161kog smjera. Prednost imaju kandidati sa iskustvom u razrednoj nastavi.<br><br>Zainteresovani koji ispunjavaju uslove mogu dostaviti kratku aplikaciju i biografiju putem elektronske po\u0161te na sljede\u0107u adresu<a href=\"mailto:info@bosnische-schule.org\">&nbsp;info@bosnische-schule.or<\/a>g<\/p>\n","protected":false},"excerpt":{"rendered":"<p>Konkurs za nastavnika\/nastavnicu \u2013 u\u010ditelja\/u\u010diteljicu Obavje\u0161tavamo da je udru\u017eenje \u201cBosanskohercegova\u00f6ka \u0161kola Minhen\u201d u saradnji sa Generalnim konzulatom BiH u Minhenu raspisalo konkurs za nastavnika\/nastavnicu za izvo\u0111enje dopunske nastave na maternjem jeziku u Minhenu. Nastava na maternjem jeziku se odvija prema planu, programu i ud\u017ebenicima za dopunsku nastavu nadle\u017enog Ministarstva civilnih poslova Bosne i Hercegovine za<\/p>\n<div class=\"read-more\"><a href=\"https:\/\/bosnische-schule.org\/?page_id=107&#038;lang=bs\" title=\"Read More\">Read More<\/a><\/div>\n","protected":false},"author":1,"featured_media":0,"parent":0,"menu_order":0,"comment_status":"closed","ping_status":"closed","template":"","meta":{"footnotes":""},"class_list":["post-107","page","type-page","status-publish"],"_links":{"self":[{"href":"https:\/\/bosnische-schule.org\/index.php?rest_route=\/wp\/v2\/pages\/107","targetHints":{"allow":["GET"]}}],"collection":[{"href":"https:\/\/bosnische-schule.org\/index.php?rest_route=\/wp\/v2\/pages"}],"about":[{"href":"https:\/\/bosnische-schule.org\/index.php?rest_route=\/wp\/v2\/types\/page"}],"author":[{"embeddable":true,"href":"https:\/\/bosnische-schule.org\/index.php?rest_route=\/wp\/v2\/users\/1"}],"replies":[{"embeddable":true,"href":"https:\/\/bosnische-schule.org\/index.php?rest_route=%2Fwp%2Fv2%2Fcomments&post=107"}],"version-history":[{"count":3,"href":"https:\/\/bosnische-schule.org\/index.php?rest_route=\/wp\/v2\/pages\/107\/revisions"}],"predecessor-version":[{"id":175,"href":"https:\/\/bosnische-schule.org\/index.php?rest_route=\/wp\/v2\/pages\/107\/revisions\/175"}],"wp:attachment":[{"href":"https:\/\/bosnische-schule.org\/index.php?rest_route=%2Fwp%2Fv2%2Fmedia&parent=107"}],"curies":[{"name":"wp","href":"https:\/\/api.w.org\/{rel}","templated":true}]}}