{"id":105,"date":"2023-06-25T13:48:06","date_gmt":"2023-06-25T11:48:06","guid":{"rendered":"https:\/\/bosnische-schule.org\/?page_id=105"},"modified":"2023-07-04T20:29:21","modified_gmt":"2023-07-04T18:29:21","slug":"donacije","status":"publish","type":"page","link":"https:\/\/bosnische-schule.org\/?page_id=105&lang=bs","title":{"rendered":"Donacije"},"content":{"rendered":"\n<h2 class=\"wp-block-heading\"><\/h2>\n\n\n\n<p>Najva\u017eniji dio na\u0161eg programa rada je radost i zabava za na\u0161u djecu i mlade kada zajedno u\u010de i kada se dru\u017ee. Kako bi smo to mogli kvalitetno organizirati i ponuditi bolje programe i aktivnosti potrebna nam je i Va\u0161a podr\u0161ka u vidu dobrovoljnih priloga i donacija.<br>Donacije i dobrovoljne priloge mo\u017eete uplatiti jednokratno ili redovnim uplatama u vi\u0161e rata (mjese\u010dno, kvartalno, itd.) putem bankovnih ra\u010duna. Izaberite vrstu donacije i dobrovoljnih priloga koje su za Vas najprihvatljivije i podr\u017eite na taj na\u010din na\u0161 rad.<br>Kao dokaz za porezni ured (Spendenbescheinigung) dovoljno je da kod donacije u iznosu do 200,00 eura prilo\u017eite stanje na Va\u0161em ra\u010dunu, a kod donacija u iznosu ve\u0107em od 200,00 eura dobit \u0107ete automatsku potvrdu o donaciji po\u010detkom sljede\u0107e godine. Molimo Vas da prilikom uplate obavezno navedete Va\u0161e li\u010dne podatke: Ime i prezime, adresu i svrhu uplate. Unaprijed se zahvaljujemo na Va\u0161oj podr\u0161ci.<br><br>Podaci za uplate su slijede\u0107i:<br><br>IBAN: DE16 701633700003261611<br>BANK: Volksbank Raiffeisenbank F\u00fcrstenfeldbruck eG<br>BIC: GENODEF1FFB BLZ: 701 633 70<br>BLZ:&nbsp; &nbsp; &nbsp;701 633 70<\/p>\n\n\n\n<p><\/p>\n\n\n\n<p><\/p>\n","protected":false},"excerpt":{"rendered":"<p>Najva\u017eniji dio na\u0161eg programa rada je radost i zabava za na\u0161u djecu i mlade kada zajedno u\u010de i kada se dru\u017ee. Kako bi smo to mogli kvalitetno organizirati i ponuditi bolje programe i aktivnosti potrebna nam je i Va\u0161a podr\u0161ka u vidu dobrovoljnih priloga i donacija.Donacije i dobrovoljne priloge mo\u017eete uplatiti jednokratno ili redovnim uplatama<\/p>\n<div class=\"read-more\"><a href=\"https:\/\/bosnische-schule.org\/?page_id=105&#038;lang=bs\" title=\"Read More\">Read More<\/a><\/div>\n","protected":false},"author":1,"featured_media":0,"parent":0,"menu_order":0,"comment_status":"closed","ping_status":"closed","template":"","meta":{"footnotes":""},"class_list":["post-105","page","type-page","status-publish"],"_links":{"self":[{"href":"https:\/\/bosnische-schule.org\/index.php?rest_route=\/wp\/v2\/pages\/105","targetHints":{"allow":["GET"]}}],"collection":[{"href":"https:\/\/bosnische-schule.org\/index.php?rest_route=\/wp\/v2\/pages"}],"about":[{"href":"https:\/\/bosnische-schule.org\/index.php?rest_route=\/wp\/v2\/types\/page"}],"author":[{"embeddable":true,"href":"https:\/\/bosnische-schule.org\/index.php?rest_route=\/wp\/v2\/users\/1"}],"replies":[{"embeddable":true,"href":"https:\/\/bosnische-schule.org\/index.php?rest_route=%2Fwp%2Fv2%2Fcomments&post=105"}],"version-history":[{"count":3,"href":"https:\/\/bosnische-schule.org\/index.php?rest_route=\/wp\/v2\/pages\/105\/revisions"}],"predecessor-version":[{"id":164,"href":"https:\/\/bosnische-schule.org\/index.php?rest_route=\/wp\/v2\/pages\/105\/revisions\/164"}],"wp:attachment":[{"href":"https:\/\/bosnische-schule.org\/index.php?rest_route=%2Fwp%2Fv2%2Fmedia&parent=105"}],"curies":[{"name":"wp","href":"https:\/\/api.w.org\/{rel}","templated":true}]}}