{"id":102,"date":"2023-06-25T13:42:37","date_gmt":"2023-06-25T11:42:37","guid":{"rendered":"https:\/\/bosnische-schule.org\/?page_id=102"},"modified":"2023-10-01T12:57:55","modified_gmt":"2023-10-01T10:57:55","slug":"clanstvo","status":"publish","type":"page","link":"https:\/\/bosnische-schule.org\/?page_id=102&lang=bs","title":{"rendered":"\u010clanstvo"},"content":{"rendered":"\r\n<p>\u010clan udru\u017eenja \u201eBosnisch-herzegowinische Schule M\u00fcnchen e. V. \u201c mo\u017ee postati svaka fizi\u010dka i pravna osoba. Za u\u010dlanjenje u udru\u017eenje dovoljno je popuniti\u00a0prijemni formular.\u00a0 O prijemu odlu\u010duje predsjedni\u0161tvo udru\u017eenja. Prijem mo\u017ee biti odbijen bez navo\u0111enja bilo kakvih razloga. \u010clanstvo po\u010dinje primanjem u Udru\u017eenje i pla\u010danjem\u00a0\u010dlanarine. Ispis iz udru\u017eenja mogu\u0107 je nakon pismenog prekida \u010dlanstva u udru\u017eenju upu\u010denog bilo kojem od \u010dlanova predsjedni\u0161tva sa rokom od tri mjeseca.<br \/><br \/><a href=\"https:\/\/bosnische-schule.org\/wp-content\/uploads\/2023\/10\/Vereinsmitgliedschaft_Aufnahme-2021.pdf\">Prijemni formular &#8211; \u010clanstvo u Bosanskoj \u0161koli Minhen<\/a><\/p>\r\n","protected":false},"excerpt":{"rendered":"<p>\u010clan udru\u017eenja \u201eBosnisch-herzegowinische Schule M\u00fcnchen e. V. \u201c mo\u017ee postati svaka fizi\u010dka i pravna osoba. Za u\u010dlanjenje u udru\u017eenje dovoljno je popuniti\u00a0prijemni formular.\u00a0 O prijemu odlu\u010duje predsjedni\u0161tvo udru\u017eenja. Prijem mo\u017ee biti odbijen bez navo\u0111enja bilo kakvih razloga. \u010clanstvo po\u010dinje primanjem u Udru\u017eenje i pla\u010danjem\u00a0\u010dlanarine. Ispis iz udru\u017eenja mogu\u0107 je nakon pismenog prekida \u010dlanstva u udru\u017eenju<\/p>\n<div class=\"read-more\"><a href=\"https:\/\/bosnische-schule.org\/?page_id=102&#038;lang=bs\" title=\"Read More\">Read More<\/a><\/div>\n","protected":false},"author":1,"featured_media":0,"parent":0,"menu_order":0,"comment_status":"closed","ping_status":"closed","template":"","meta":{"footnotes":""},"class_list":["post-102","page","type-page","status-publish"],"_links":{"self":[{"href":"https:\/\/bosnische-schule.org\/index.php?rest_route=\/wp\/v2\/pages\/102","targetHints":{"allow":["GET"]}}],"collection":[{"href":"https:\/\/bosnische-schule.org\/index.php?rest_route=\/wp\/v2\/pages"}],"about":[{"href":"https:\/\/bosnische-schule.org\/index.php?rest_route=\/wp\/v2\/types\/page"}],"author":[{"embeddable":true,"href":"https:\/\/bosnische-schule.org\/index.php?rest_route=\/wp\/v2\/users\/1"}],"replies":[{"embeddable":true,"href":"https:\/\/bosnische-schule.org\/index.php?rest_route=%2Fwp%2Fv2%2Fcomments&post=102"}],"version-history":[{"count":6,"href":"https:\/\/bosnische-schule.org\/index.php?rest_route=\/wp\/v2\/pages\/102\/revisions"}],"predecessor-version":[{"id":465,"href":"https:\/\/bosnische-schule.org\/index.php?rest_route=\/wp\/v2\/pages\/102\/revisions\/465"}],"wp:attachment":[{"href":"https:\/\/bosnische-schule.org\/index.php?rest_route=%2Fwp%2Fv2%2Fmedia&parent=102"}],"curies":[{"name":"wp","href":"https:\/\/api.w.org\/{rel}","templated":true}]}}